{"id":34,"date":"2025-01-08T11:56:15","date_gmt":"2025-01-08T11:56:15","guid":{"rendered":"https:\/\/xn--korab-sanitr-qcb.de\/index.php\/about\/"},"modified":"2025-04-02T12:02:24","modified_gmt":"2025-04-02T12:02:24","slug":"about","status":"publish","type":"page","link":"https:\/\/xn--korab-sanitr-qcb.de\/en\/about\/","title":{"rendered":"About"},"content":{"rendered":"<div data-elementor-type=\"wp-page\" data-elementor-id=\"34\" class=\"elementor elementor-34\">\n\t\t\t\t<div class=\"elementor-element elementor-element-2ec9d630 e-con-full e-flex e-con e-parent\" data-id=\"2ec9d630\" data-element_type=\"container\" data-e-type=\"container\">\n\t\t<div class=\"elementor-element elementor-element-496edb39 e-con-full e-flex e-con e-child\" data-id=\"496edb39\" data-element_type=\"container\" data-e-type=\"container\">\n\t\t\t\t<div class=\"elementor-element elementor-element-3353e39a elementor-widget-mobile__width-inherit elementor-widget elementor-widget-heading\" data-id=\"3353e39a\" data-element_type=\"widget\" data-e-type=\"widget\" data-widget_type=\"heading.default\">\n\t\t\t\t<div class=\"elementor-widget-container\">\n\t\t\t\t\t<h1 class=\"elementor-heading-title elementor-size-default\">About Us\n<\/h1>\t\t\t\t<\/div>\n\t\t\t\t<\/div>\n\t\t\t\t<div class=\"elementor-element elementor-element-21d3c373 elementor-widget-divider--view-line elementor-widget elementor-widget-divider\" data-id=\"21d3c373\" data-element_type=\"widget\" data-e-type=\"widget\" data-widget_type=\"divider.default\">\n\t\t\t\t<div class=\"elementor-widget-container\">\n\t\t\t\t\t\t\t<div class=\"elementor-divider\">\n\t\t\t<span class=\"elementor-divider-separator\">\n\t\t\t\t\t\t<\/span>\n\t\t<\/div>\n\t\t\t\t\t\t<\/div>\n\t\t\t\t<\/div>\n\t\t\t\t<div class=\"elementor-element elementor-element-4a2fa918 elementor-widget__width-initial elementor-widget elementor-widget-text-editor\" data-id=\"4a2fa918\" data-element_type=\"widget\" data-e-type=\"widget\" data-widget_type=\"text-editor.default\">\n\t\t\t\t<div class=\"elementor-widget-container\">\n\t\t\t\t\t\t\t\t\t<p>Welcome to Korab Heating-Sanitary-Air Conditioning!<\/p><p>Korab Heating, Sanitary, and Air Conditioning is your trusted partner for modern, customized solutions in heating, plumbing, and air conditioning systems.\nI\u2019m Korab, and together with my experienced team of system mechanics and construction managers, we combine the finest traditional craftsmanship with cutting-edge technologies to deliver exceptional results.<\/p><p>With extensive training in gas, water installation, and heating systems, we\u2019ve continuously honed our expertise across various roles. Today, we bring this knowledge and passion to every project we undertake.<\/p>\t\t\t\t\t\t\t\t<\/div>\n\t\t\t\t<\/div>\n\t\t\t\t<\/div>\n\t\t<div class=\"elementor-element elementor-element-6c4d92a e-con-full e-flex e-con e-child\" data-id=\"6c4d92a\" data-element_type=\"container\" data-e-type=\"container\">\n\t\t\t\t<div class=\"elementor-element elementor-element-f3098f2 elementor-widget__width-auto elementor-widget elementor-widget-video\" data-id=\"f3098f2\" data-element_type=\"widget\" data-e-type=\"widget\" data-settings=\"{&quot;video_type&quot;:&quot;hosted&quot;,&quot;start&quot;:3,&quot;autoplay&quot;:&quot;yes&quot;,&quot;loop&quot;:&quot;yes&quot;,&quot;controls&quot;:&quot;yes&quot;}\" data-widget_type=\"video.default\">\n\t\t\t\t<div class=\"elementor-widget-container\">\n\t\t\t\t\t\t\t<div class=\"e-hosted-video elementor-wrapper elementor-open-inline\">\n\t\t\t\t\t<video class=\"elementor-video\" src=\"https:\/\/xn--korab-sanitr-qcb.de\/wp-content\/uploads\/2025\/02\/WhatsApp-Video-2025-02-19-at-12.03.46.mp4#t=3\" autoplay=\"\" loop=\"\" controls=\"\" controlslist=\"nodownload\"><\/video>\n\t\t\t\t<\/div>\n\t\t\t\t\t\t<\/div>\n\t\t\t\t<\/div>\n\t\t\t\t<\/div>\n\t\t\t\t<\/div>\n\t\t<div class=\"elementor-element elementor-element-771db64c e-con-full e-flex e-con e-parent\" data-id=\"771db64c\" data-element_type=\"container\" data-e-type=\"container\" data-settings=\"{&quot;background_background&quot;:&quot;gradient&quot;}\">\n\t\t<div class=\"elementor-element elementor-element-5c54cbf4 e-con-full e-flex e-con e-child\" data-id=\"5c54cbf4\" data-element_type=\"container\" data-e-type=\"container\">\n\t\t\t\t<div class=\"elementor-element elementor-element-3349bbd0 elementor-widget-mobile__width-inherit elementor-widget elementor-widget-heading\" data-id=\"3349bbd0\" data-element_type=\"widget\" data-e-type=\"widget\" data-widget_type=\"heading.default\">\n\t\t\t\t<div class=\"elementor-widget-container\">\n\t\t\t\t\t<h2 class=\"elementor-heading-title elementor-size-default\">Our Mission\n<\/h2>\t\t\t\t<\/div>\n\t\t\t\t<\/div>\n\t\t\t\t<div class=\"elementor-element elementor-element-09ada93 elementor-widget-divider--view-line elementor-widget elementor-widget-divider\" data-id=\"09ada93\" data-element_type=\"widget\" data-e-type=\"widget\" data-widget_type=\"divider.default\">\n\t\t\t\t<div class=\"elementor-widget-container\">\n\t\t\t\t\t\t\t<div class=\"elementor-divider\">\n\t\t\t<span class=\"elementor-divider-separator\">\n\t\t\t\t\t\t<\/span>\n\t\t<\/div>\n\t\t\t\t\t\t<\/div>\n\t\t\t\t<\/div>\n\t\t\t\t<div class=\"elementor-element elementor-element-fb77d95 elementor-widget__width-initial elementor-widget elementor-widget-text-editor\" data-id=\"fb77d95\" data-element_type=\"widget\" data-e-type=\"widget\" data-widget_type=\"text-editor.default\">\n\t\t\t\t<div class=\"elementor-widget-container\">\n\t\t\t\t\t\t\t\t\t<p>\u201cOur mission is to complete your project with the utmost care, punctuality and precision. You are our top priority: we respond personally to your needs and deliver tailor-made solutions that exceed your expectations.\u201d<\/p>\t\t\t\t\t\t\t\t<\/div>\n\t\t\t\t<\/div>\n\t\t\t\t<div class=\"elementor-element elementor-element-1e9515da elementor-widget elementor-widget-testimonial\" data-id=\"1e9515da\" data-element_type=\"widget\" data-e-type=\"widget\" data-widget_type=\"testimonial.default\">\n\t\t\t\t<div class=\"elementor-widget-container\">\n\t\t\t\t\t\t\t<div class=\"elementor-testimonial-wrapper\">\n\t\t\t\n\t\t\t\t\t\t<div class=\"elementor-testimonial-meta\">\n\t\t\t\t<div class=\"elementor-testimonial-meta-inner\">\n\t\t\t\t\t\n\t\t\t\t\t\t\t\t\t\t<div class=\"elementor-testimonial-details\">\n\t\t\t\t\t\t\t\t\t\t\t\t\t\t<div class=\"elementor-testimonial-name\">Korab Sinanaj<\/div>\n\t\t\t\t\t\t\t\t\t\t\t\t\t\t\t\t\t\t\t<\/div>\n\t\t\t\t\t\t\t\t\t<\/div>\n\t\t\t<\/div>\n\t\t\t\t\t<\/div>\n\t\t\t\t\t\t<\/div>\n\t\t\t\t<\/div>\n\t\t\t\t<\/div>\n\t\t<div class=\"elementor-element elementor-element-94cc8e e-con-full e-flex e-con e-child\" data-id=\"94cc8e\" data-element_type=\"container\" data-e-type=\"container\">\n\t\t\t\t<div class=\"elementor-element elementor-element-4172f58f elementor-arrows-position-outside elementor-widget elementor-widget-image-carousel\" data-id=\"4172f58f\" data-element_type=\"widget\" data-e-type=\"widget\" data-settings=\"{&quot;slides_to_show&quot;:&quot;1&quot;,&quot;navigation&quot;:&quot;arrows&quot;,&quot;pause_on_hover&quot;:&quot;no&quot;,&quot;pause_on_interaction&quot;:&quot;no&quot;,&quot;effect&quot;:&quot;fade&quot;,&quot;autoplay&quot;:&quot;yes&quot;,&quot;autoplay_speed&quot;:5000,&quot;infinite&quot;:&quot;yes&quot;,&quot;speed&quot;:500}\" data-widget_type=\"image-carousel.default\">\n\t\t\t\t<div class=\"elementor-widget-container\">\n\t\t\t\t\t\t\t<div class=\"elementor-image-carousel-wrapper swiper\" role=\"region\" aria-roledescription=\"carousel\" aria-label=\"Image Carousel\" dir=\"ltr\">\n\t\t\t<div class=\"elementor-image-carousel swiper-wrapper\" aria-live=\"off\">\n\t\t\t\t\t\t\t\t<div class=\"swiper-slide\" role=\"group\" aria-roledescription=\"slide\" aria-label=\"1 von 3\"><figure class=\"swiper-slide-inner\"><img decoding=\"async\" class=\"swiper-slide-image\" src=\"https:\/\/xn--korab-sanitr-qcb.de\/wp-content\/uploads\/elementor\/thumbs\/image00026-e1739881828340-r1ord9nzl5qtxcaokpij3mce2g580e4hspjyay2ii4.jpg\" alt=\"image00026\" \/><\/figure><\/div><div class=\"swiper-slide\" role=\"group\" aria-roledescription=\"slide\" aria-label=\"2 von 3\"><figure class=\"swiper-slide-inner\"><img decoding=\"async\" class=\"swiper-slide-image\" src=\"https:\/\/xn--korab-sanitr-qcb.de\/wp-content\/uploads\/elementor\/thumbs\/image00024-r1opajhw9bg6xcuaxeo9vh75xogq2ngpiugat0v964.jpg\" alt=\"image00024\" \/><\/figure><\/div><div class=\"swiper-slide\" role=\"group\" aria-roledescription=\"slide\" aria-label=\"3 von 3\"><figure class=\"swiper-slide-inner\"><img decoding=\"async\" class=\"swiper-slide-image\" src=\"https:\/\/xn--korab-sanitr-qcb.de\/wp-content\/uploads\/elementor\/thumbs\/image00023-r1cjay9oc2t3fo58ks36ldgt8cwnlt850itox7mp7w.jpg\" alt=\"image00023\" \/><\/figure><\/div>\t\t\t<\/div>\n\t\t\t\t\t\t\t\t\t\t\t\t<div class=\"elementor-swiper-button elementor-swiper-button-prev\" role=\"button\" tabindex=\"0\">\n\t\t\t\t\t\t<svg aria-hidden=\"true\" class=\"e-font-icon-svg e-eicon-chevron-left\" viewbox=\"0 0 1000 1000\" xmlns=\"http:\/\/www.w3.org\/2000\/svg\"><path d=\"M646 125C629 125 613 133 604 142L308 442C296 454 292 471 292 487 292 504 296 521 308 533L604 854C617 867 629 875 646 875 663 875 679 871 692 858 704 846 713 829 713 812 713 796 708 779 692 767L438 487 692 225C700 217 708 204 708 187 708 171 704 154 692 142 675 129 663 125 646 125Z\"><\/path><\/svg>\t\t\t\t\t<\/div>\n\t\t\t\t\t<div class=\"elementor-swiper-button elementor-swiper-button-next\" role=\"button\" tabindex=\"0\">\n\t\t\t\t\t\t<svg aria-hidden=\"true\" class=\"e-font-icon-svg e-eicon-chevron-right\" viewbox=\"0 0 1000 1000\" xmlns=\"http:\/\/www.w3.org\/2000\/svg\"><path d=\"M696 533C708 521 713 504 713 487 713 471 708 454 696 446L400 146C388 133 375 125 354 125 338 125 325 129 313 142 300 154 292 171 292 187 292 204 296 221 308 233L563 492 304 771C292 783 288 800 288 817 288 833 296 850 308 863 321 871 338 875 354 875 371 875 388 867 400 854L696 533Z\"><\/path><\/svg>\t\t\t\t\t<\/div>\n\t\t\t\t\n\t\t\t\t\t\t\t\t\t<\/div>\n\t\t\t\t\t\t<\/div>\n\t\t\t\t<\/div>\n\t\t\t\t<\/div>\n\t\t\t\t<\/div>\n\t\t<div class=\"elementor-element elementor-element-761672d3 e-con-full e-flex e-con e-parent\" data-id=\"761672d3\" data-element_type=\"container\" data-e-type=\"container\" data-settings=\"{&quot;background_background&quot;:&quot;gradient&quot;}\">\n\t\t\t\t<div class=\"elementor-element elementor-element-6a5ba7bc elementor-widget elementor-widget-heading\" data-id=\"6a5ba7bc\" data-element_type=\"widget\" data-e-type=\"widget\" data-widget_type=\"heading.default\">\n\t\t\t\t<div class=\"elementor-widget-container\">\n\t\t\t\t\t<h2 class=\"elementor-heading-title elementor-size-default\">Owner and Technician\n<\/h2>\t\t\t\t<\/div>\n\t\t\t\t<\/div>\n\t\t\t\t<div class=\"elementor-element elementor-element-02f2a90 elementor-widget-divider--view-line elementor-widget elementor-widget-divider\" data-id=\"02f2a90\" data-element_type=\"widget\" data-e-type=\"widget\" data-widget_type=\"divider.default\">\n\t\t\t\t<div class=\"elementor-widget-container\">\n\t\t\t\t\t\t\t<div class=\"elementor-divider\">\n\t\t\t<span class=\"elementor-divider-separator\">\n\t\t\t\t\t\t<\/span>\n\t\t<\/div>\n\t\t\t\t\t\t<\/div>\n\t\t\t\t<\/div>\n\t\t<div class=\"elementor-element elementor-element-594d98bf e-con-full e-flex e-con e-child\" data-id=\"594d98bf\" data-element_type=\"container\" data-e-type=\"container\">\n\t\t\t\t<div class=\"elementor-element elementor-element-7d3fd17e elementor-position-top elementor-widget elementor-widget-image-box\" data-id=\"7d3fd17e\" data-element_type=\"widget\" data-e-type=\"widget\" data-widget_type=\"image-box.default\">\n\t\t\t\t<div class=\"elementor-widget-container\">\n\t\t\t\t\t<div class=\"elementor-image-box-wrapper\"><figure class=\"elementor-image-box-img\"><img decoding=\"async\" src=\"https:\/\/xn--korab-sanitr-qcb.de\/wp-content\/uploads\/elementor\/thumbs\/image00023-2-r1orn09pu9m5qrjpkhifah4rdzlvbmn4lg5mzmbi5s.jpg\" title=\"image00023\" alt=\"image00023\" loading=\"lazy\" \/><\/figure><div class=\"elementor-image-box-content\"><h3 class=\"elementor-image-box-title\">Korab Sinanaj<\/h3><\/div><\/div>\t\t\t\t<\/div>\n\t\t\t\t<\/div>\n\t\t\t\t<\/div>\n\t\t<div class=\"elementor-element elementor-element-378792f1 e-con-full elementor-hidden-desktop elementor-hidden-tablet elementor-hidden-mobile e-flex e-con e-child\" data-id=\"378792f1\" data-element_type=\"container\" data-e-type=\"container\">\n\t\t\t\t<div class=\"elementor-element elementor-element-3093b7d7 elementor-position-top elementor-widget elementor-widget-image-box\" data-id=\"3093b7d7\" data-element_type=\"widget\" data-e-type=\"widget\" data-widget_type=\"image-box.default\">\n\t\t\t\t<div class=\"elementor-widget-container\">\n\t\t\t\t\t<div class=\"elementor-image-box-wrapper\"><figure class=\"elementor-image-box-img\"><img decoding=\"async\" width=\"128\" height=\"128\" src=\"https:\/\/xn--korab-sanitr-qcb.de\/wp-content\/uploads\/2025\/02\/avatar_on_home.png\" class=\"attachment-full size-full wp-image-225\" alt=\"\" srcset=\"https:\/\/xn--korab-sanitr-qcb.de\/wp-content\/uploads\/2025\/02\/avatar_on_home.png 128w, https:\/\/xn--korab-sanitr-qcb.de\/wp-content\/uploads\/2025\/02\/avatar_on_home-12x12.png 12w\" sizes=\"(max-width: 128px) 100vw, 128px\" \/><\/figure><div class=\"elementor-image-box-content\"><h3 class=\"elementor-image-box-title\">Employee Name<\/h3><p class=\"elementor-image-box-description\">Job title<\/p><\/div><\/div>\t\t\t\t<\/div>\n\t\t\t\t<\/div>\n\t\t\t\t<\/div>\n\t\t<div class=\"elementor-element elementor-element-2c8107eb e-con-full elementor-hidden-desktop elementor-hidden-tablet elementor-hidden-mobile e-flex e-con e-child\" data-id=\"2c8107eb\" data-element_type=\"container\" data-e-type=\"container\">\n\t\t\t\t<div class=\"elementor-element elementor-element-2c5cdcb2 elementor-position-top elementor-widget elementor-widget-image-box\" data-id=\"2c5cdcb2\" data-element_type=\"widget\" data-e-type=\"widget\" data-widget_type=\"image-box.default\">\n\t\t\t\t<div class=\"elementor-widget-container\">\n\t\t\t\t\t<div class=\"elementor-image-box-wrapper\"><figure class=\"elementor-image-box-img\"><img decoding=\"async\" width=\"128\" height=\"128\" src=\"https:\/\/xn--korab-sanitr-qcb.de\/wp-content\/uploads\/2025\/02\/avatar_on_home.png\" class=\"attachment-full size-full wp-image-225\" alt=\"\" srcset=\"https:\/\/xn--korab-sanitr-qcb.de\/wp-content\/uploads\/2025\/02\/avatar_on_home.png 128w, https:\/\/xn--korab-sanitr-qcb.de\/wp-content\/uploads\/2025\/02\/avatar_on_home-12x12.png 12w\" sizes=\"(max-width: 128px) 100vw, 128px\" \/><\/figure><div class=\"elementor-image-box-content\"><h3 class=\"elementor-image-box-title\">Employee Name<\/h3><p class=\"elementor-image-box-description\">Job title<\/p><\/div><\/div>\t\t\t\t<\/div>\n\t\t\t\t<\/div>\n\t\t\t\t<\/div>\n\t\t\t\t<\/div>\n\t\t\t\t<\/div>","protected":false},"excerpt":{"rendered":"<p>\u00dcber uns Willkommen bei Korab Heizung-Sanit\u00e4r-Klima! Nach meiner Ausbildung im Bereich Gas-, Wasserinstallation und Heizungsbau habe ich in verschiedenen Stationen meines Berufslebens umfassendes Fachwissen gesammelt. Dieses Know-how setze ich nun gezielt ein, um Ihnen moderne, effiziente und ma\u00dfgeschneiderte L\u00f6sungen anzubieten. Bei Korab Heizung-Sanit\u00e4r-Klima erhalten Sie einen echten Rundum-Service: Ich begleite Sie von der ersten Beratung [&hellip;]<\/p>\n","protected":false},"author":1,"featured_media":41,"parent":0,"menu_order":0,"comment_status":"closed","ping_status":"closed","template":"elementor_header_footer","meta":{"footnotes":""},"class_list":["post-34","page","type-page","status-publish","has-post-thumbnail","hentry"],"yoast_head":"<!-- This site is optimized with the Yoast SEO plugin v27.4 - https:\/\/yoast.com\/product\/yoast-seo-wordpress\/ -->\n<title>About - Korab Sanit\u00e4r<\/title>\n<meta name=\"robots\" content=\"index, follow, max-snippet:-1, max-image-preview:large, max-video-preview:-1\" \/>\n<link rel=\"canonical\" href=\"https:\/\/xn--korab-sanitr-qcb.de\/en\/about\/\" \/>\n<meta property=\"og:locale\" content=\"en_US\" \/>\n<meta property=\"og:type\" content=\"article\" \/>\n<meta property=\"og:title\" content=\"About - Korab Sanit\u00e4r\" \/>\n<meta property=\"og:description\" content=\"\u00dcber uns Willkommen bei Korab Heizung-Sanit\u00e4r-Klima! Nach meiner Ausbildung im Bereich Gas-, Wasserinstallation und Heizungsbau habe ich in verschiedenen Stationen meines Berufslebens umfassendes Fachwissen gesammelt. Dieses Know-how setze ich nun gezielt ein, um Ihnen moderne, effiziente und ma\u00dfgeschneiderte L\u00f6sungen anzubieten. Bei Korab Heizung-Sanit\u00e4r-Klima erhalten Sie einen echten Rundum-Service: Ich begleite Sie von der ersten Beratung [&hellip;]\" \/>\n<meta property=\"og:url\" content=\"https:\/\/xn--korab-sanitr-qcb.de\/en\/about\/\" \/>\n<meta property=\"og:site_name\" content=\"Korab Sanit\u00e4r\" \/>\n<meta property=\"article:modified_time\" content=\"2025-04-02T12:02:24+00:00\" \/>\n<meta property=\"og:image\" content=\"https:\/\/xn--korab-sanitr-qcb.de\/wp-content\/uploads\/2025\/01\/About-400_380.jpg\" \/>\n\t<meta property=\"og:image:width\" content=\"400\" \/>\n\t<meta property=\"og:image:height\" content=\"380\" \/>\n\t<meta property=\"og:image:type\" content=\"image\/jpeg\" \/>\n<meta name=\"twitter:card\" content=\"summary_large_image\" \/>\n<meta name=\"twitter:label1\" content=\"Est. reading time\" \/>\n\t<meta name=\"twitter:data1\" content=\"3 minutes\" \/>\n<script type=\"application\/ld+json\" class=\"yoast-schema-graph\">{\"@context\":\"https:\\\/\\\/schema.org\",\"@graph\":[{\"@type\":\"WebPage\",\"@id\":\"https:\\\/\\\/xn--korab-sanitr-qcb.de\\\/de\\\/about\\\/\",\"url\":\"https:\\\/\\\/xn--korab-sanitr-qcb.de\\\/de\\\/about\\\/\",\"name\":\"About - Korab Sanit\u00e4r\",\"isPartOf\":{\"@id\":\"https:\\\/\\\/xn--korab-sanitr-qcb.de\\\/de_DE\\\/#website\"},\"primaryImageOfPage\":{\"@id\":\"https:\\\/\\\/xn--korab-sanitr-qcb.de\\\/de\\\/about\\\/#primaryimage\"},\"image\":{\"@id\":\"https:\\\/\\\/xn--korab-sanitr-qcb.de\\\/de\\\/about\\\/#primaryimage\"},\"thumbnailUrl\":\"https:\\\/\\\/xn--korab-sanitr-qcb.de\\\/wp-content\\\/uploads\\\/2025\\\/01\\\/About-400_380.jpg\",\"datePublished\":\"2025-01-08T11:56:15+00:00\",\"dateModified\":\"2025-04-02T12:02:24+00:00\",\"breadcrumb\":{\"@id\":\"https:\\\/\\\/xn--korab-sanitr-qcb.de\\\/de\\\/about\\\/#breadcrumb\"},\"inLanguage\":\"en-US\",\"potentialAction\":[{\"@type\":\"ReadAction\",\"target\":[\"https:\\\/\\\/xn--korab-sanitr-qcb.de\\\/de\\\/about\\\/\"]}]},{\"@type\":\"ImageObject\",\"inLanguage\":\"en-US\",\"@id\":\"https:\\\/\\\/xn--korab-sanitr-qcb.de\\\/de\\\/about\\\/#primaryimage\",\"url\":\"https:\\\/\\\/xn--korab-sanitr-qcb.de\\\/wp-content\\\/uploads\\\/2025\\\/01\\\/About-400_380.jpg\",\"contentUrl\":\"https:\\\/\\\/xn--korab-sanitr-qcb.de\\\/wp-content\\\/uploads\\\/2025\\\/01\\\/About-400_380.jpg\",\"width\":400,\"height\":380},{\"@type\":\"BreadcrumbList\",\"@id\":\"https:\\\/\\\/xn--korab-sanitr-qcb.de\\\/de\\\/about\\\/#breadcrumb\",\"itemListElement\":[{\"@type\":\"ListItem\",\"position\":1,\"name\":\"Home\",\"item\":\"https:\\\/\\\/xn--korab-sanitr-qcb.de\\\/de\\\/\"},{\"@type\":\"ListItem\",\"position\":2,\"name\":\"About\"}]},{\"@type\":\"WebSite\",\"@id\":\"https:\\\/\\\/xn--korab-sanitr-qcb.de\\\/de_DE\\\/#website\",\"url\":\"https:\\\/\\\/xn--korab-sanitr-qcb.de\\\/de_DE\\\/\",\"name\":\"Korab Sanit\u00e4r\",\"description\":\" Korab Sanit\u00e4r\",\"publisher\":{\"@id\":\"https:\\\/\\\/xn--korab-sanitr-qcb.de\\\/de_DE\\\/#organization\"},\"potentialAction\":[{\"@type\":\"SearchAction\",\"target\":{\"@type\":\"EntryPoint\",\"urlTemplate\":\"https:\\\/\\\/xn--korab-sanitr-qcb.de\\\/de_DE\\\/?s={search_term_string}\"},\"query-input\":{\"@type\":\"PropertyValueSpecification\",\"valueRequired\":true,\"valueName\":\"search_term_string\"}}],\"inLanguage\":\"en-US\"},{\"@type\":\"Organization\",\"@id\":\"https:\\\/\\\/xn--korab-sanitr-qcb.de\\\/de_DE\\\/#organization\",\"name\":\"Korab Sanit\u00e4r\",\"url\":\"https:\\\/\\\/xn--korab-sanitr-qcb.de\\\/de_DE\\\/\",\"logo\":{\"@type\":\"ImageObject\",\"inLanguage\":\"en-US\",\"@id\":\"https:\\\/\\\/xn--korab-sanitr-qcb.de\\\/de_DE\\\/#\\\/schema\\\/logo\\\/image\\\/\",\"url\":\"https:\\\/\\\/xn--korab-sanitr-qcb.de\\\/wp-content\\\/uploads\\\/2025\\\/01\\\/cropped-Screenshot-2025-01-10-111325-1.png\",\"contentUrl\":\"https:\\\/\\\/xn--korab-sanitr-qcb.de\\\/wp-content\\\/uploads\\\/2025\\\/01\\\/cropped-Screenshot-2025-01-10-111325-1.png\",\"width\":512,\"height\":512,\"caption\":\"  Korab Sanit\u00e4r\"},\"image\":{\"@id\":\"https:\\\/\\\/xn--korab-sanitr-qcb.de\\\/de_DE\\\/#\\\/schema\\\/logo\\\/image\\\/\"}}]}<\/script>\n<!-- \/ Yoast SEO plugin. -->","yoast_head_json":{"title":"About - Korab Sanit\u00e4r","robots":{"index":"index","follow":"follow","max-snippet":"max-snippet:-1","max-image-preview":"max-image-preview:large","max-video-preview":"max-video-preview:-1"},"canonical":"https:\/\/xn--korab-sanitr-qcb.de\/en\/about\/","og_locale":"en_US","og_type":"article","og_title":"About - Korab Sanit\u00e4r","og_description":"\u00dcber uns Willkommen bei Korab Heizung-Sanit\u00e4r-Klima! Nach meiner Ausbildung im Bereich Gas-, Wasserinstallation und Heizungsbau habe ich in verschiedenen Stationen meines Berufslebens umfassendes Fachwissen gesammelt. Dieses Know-how setze ich nun gezielt ein, um Ihnen moderne, effiziente und ma\u00dfgeschneiderte L\u00f6sungen anzubieten. Bei Korab Heizung-Sanit\u00e4r-Klima erhalten Sie einen echten Rundum-Service: Ich begleite Sie von der ersten Beratung [&hellip;]","og_url":"https:\/\/xn--korab-sanitr-qcb.de\/en\/about\/","og_site_name":"Korab Sanit\u00e4r","article_modified_time":"2025-04-02T12:02:24+00:00","og_image":[{"width":400,"height":380,"url":"https:\/\/xn--korab-sanitr-qcb.de\/wp-content\/uploads\/2025\/01\/About-400_380.jpg","type":"image\/jpeg"}],"twitter_card":"summary_large_image","twitter_misc":{"Est. reading time":"3 minutes"},"schema":{"@context":"https:\/\/schema.org","@graph":[{"@type":"WebPage","@id":"https:\/\/xn--korab-sanitr-qcb.de\/de\/about\/","url":"https:\/\/xn--korab-sanitr-qcb.de\/de\/about\/","name":"About - Korab Sanit\u00e4r","isPartOf":{"@id":"https:\/\/xn--korab-sanitr-qcb.de\/de_DE\/#website"},"primaryImageOfPage":{"@id":"https:\/\/xn--korab-sanitr-qcb.de\/de\/about\/#primaryimage"},"image":{"@id":"https:\/\/xn--korab-sanitr-qcb.de\/de\/about\/#primaryimage"},"thumbnailUrl":"https:\/\/xn--korab-sanitr-qcb.de\/wp-content\/uploads\/2025\/01\/About-400_380.jpg","datePublished":"2025-01-08T11:56:15+00:00","dateModified":"2025-04-02T12:02:24+00:00","breadcrumb":{"@id":"https:\/\/xn--korab-sanitr-qcb.de\/de\/about\/#breadcrumb"},"inLanguage":"en-US","potentialAction":[{"@type":"ReadAction","target":["https:\/\/xn--korab-sanitr-qcb.de\/de\/about\/"]}]},{"@type":"ImageObject","inLanguage":"en-US","@id":"https:\/\/xn--korab-sanitr-qcb.de\/de\/about\/#primaryimage","url":"https:\/\/xn--korab-sanitr-qcb.de\/wp-content\/uploads\/2025\/01\/About-400_380.jpg","contentUrl":"https:\/\/xn--korab-sanitr-qcb.de\/wp-content\/uploads\/2025\/01\/About-400_380.jpg","width":400,"height":380},{"@type":"BreadcrumbList","@id":"https:\/\/xn--korab-sanitr-qcb.de\/de\/about\/#breadcrumb","itemListElement":[{"@type":"ListItem","position":1,"name":"Home","item":"https:\/\/xn--korab-sanitr-qcb.de\/de\/"},{"@type":"ListItem","position":2,"name":"About"}]},{"@type":"WebSite","@id":"https:\/\/xn--korab-sanitr-qcb.de\/de_DE\/#website","url":"https:\/\/xn--korab-sanitr-qcb.de\/de_DE\/","name":"Korab Sanit\u00e4r","description":"Korab Sanit\u00e4r","publisher":{"@id":"https:\/\/xn--korab-sanitr-qcb.de\/de_DE\/#organization"},"potentialAction":[{"@type":"SearchAction","target":{"@type":"EntryPoint","urlTemplate":"https:\/\/xn--korab-sanitr-qcb.de\/de_DE\/?s={search_term_string}"},"query-input":{"@type":"PropertyValueSpecification","valueRequired":true,"valueName":"search_term_string"}}],"inLanguage":"en-US"},{"@type":"Organization","@id":"https:\/\/xn--korab-sanitr-qcb.de\/de_DE\/#organization","name":"Korab Sanit\u00e4r","url":"https:\/\/xn--korab-sanitr-qcb.de\/de_DE\/","logo":{"@type":"ImageObject","inLanguage":"en-US","@id":"https:\/\/xn--korab-sanitr-qcb.de\/de_DE\/#\/schema\/logo\/image\/","url":"https:\/\/xn--korab-sanitr-qcb.de\/wp-content\/uploads\/2025\/01\/cropped-Screenshot-2025-01-10-111325-1.png","contentUrl":"https:\/\/xn--korab-sanitr-qcb.de\/wp-content\/uploads\/2025\/01\/cropped-Screenshot-2025-01-10-111325-1.png","width":512,"height":512,"caption":"  Korab Sanit\u00e4r"},"image":{"@id":"https:\/\/xn--korab-sanitr-qcb.de\/de_DE\/#\/schema\/logo\/image\/"}}]}},"_links":{"self":[{"href":"https:\/\/xn--korab-sanitr-qcb.de\/en\/wp-json\/wp\/v2\/pages\/34","targetHints":{"allow":["GET"]}}],"collection":[{"href":"https:\/\/xn--korab-sanitr-qcb.de\/en\/wp-json\/wp\/v2\/pages"}],"about":[{"href":"https:\/\/xn--korab-sanitr-qcb.de\/en\/wp-json\/wp\/v2\/types\/page"}],"author":[{"embeddable":true,"href":"https:\/\/xn--korab-sanitr-qcb.de\/en\/wp-json\/wp\/v2\/users\/1"}],"replies":[{"embeddable":true,"href":"https:\/\/xn--korab-sanitr-qcb.de\/en\/wp-json\/wp\/v2\/comments?post=34"}],"version-history":[{"count":214,"href":"https:\/\/xn--korab-sanitr-qcb.de\/en\/wp-json\/wp\/v2\/pages\/34\/revisions"}],"predecessor-version":[{"id":2908,"href":"https:\/\/xn--korab-sanitr-qcb.de\/en\/wp-json\/wp\/v2\/pages\/34\/revisions\/2908"}],"wp:featuredmedia":[{"embeddable":true,"href":"https:\/\/xn--korab-sanitr-qcb.de\/en\/wp-json\/wp\/v2\/media\/41"}],"wp:attachment":[{"href":"https:\/\/xn--korab-sanitr-qcb.de\/en\/wp-json\/wp\/v2\/media?parent=34"}],"curies":[{"name":"wp","href":"https:\/\/api.w.org\/{rel}","templated":true}]}}