{"id":30,"date":"2025-01-08T11:56:14","date_gmt":"2025-01-08T11:56:14","guid":{"rendered":"https:\/\/xn--korab-sanitr-qcb.de\/index.php\/services\/"},"modified":"2025-03-13T16:12:49","modified_gmt":"2025-03-13T16:12:49","slug":"services","status":"publish","type":"page","link":"https:\/\/xn--korab-sanitr-qcb.de\/en\/services\/","title":{"rendered":"Services"},"content":{"rendered":"<div data-elementor-type=\"wp-page\" data-elementor-id=\"30\" class=\"elementor elementor-30\">\n\t\t\t\t<div class=\"elementor-element elementor-element-79337ab3 e-flex e-con-boxed e-con e-parent\" data-id=\"79337ab3\" data-element_type=\"container\" data-e-type=\"container\" data-settings=\"{&quot;background_background&quot;:&quot;gradient&quot;}\">\n\t\t\t\t\t<div class=\"e-con-inner\">\n\t\t\t\t<div class=\"elementor-element elementor-element-194f2976 elementor-widget elementor-widget-heading\" data-id=\"194f2976\" data-element_type=\"widget\" data-e-type=\"widget\" data-widget_type=\"heading.default\">\n\t\t\t\t<div class=\"elementor-widget-container\">\n\t\t\t\t\t<h2 class=\"elementor-heading-title elementor-size-default\">Our services<\/h2>\t\t\t\t<\/div>\n\t\t\t\t<\/div>\n\t\t\t\t<div class=\"elementor-element elementor-element-47d860d6 elementor-widget-divider--view-line elementor-widget elementor-widget-divider\" data-id=\"47d860d6\" data-element_type=\"widget\" data-e-type=\"widget\" data-widget_type=\"divider.default\">\n\t\t\t\t<div class=\"elementor-widget-container\">\n\t\t\t\t\t\t\t<div class=\"elementor-divider\">\n\t\t\t<span class=\"elementor-divider-separator\">\n\t\t\t\t\t\t<\/span>\n\t\t<\/div>\n\t\t\t\t\t\t<\/div>\n\t\t\t\t<\/div>\n\t\t\t\t<div class=\"elementor-element elementor-element-647280b7 elementor-widget__width-initial elementor-widget-tablet__width-initial elementor-widget elementor-widget-heading\" data-id=\"647280b7\" data-element_type=\"widget\" data-e-type=\"widget\" data-widget_type=\"heading.default\">\n\t\t\t\t<div class=\"elementor-widget-container\">\n\t\t\t\t\t<p class=\"elementor-heading-title elementor-size-default\">Choose Korab Heating, Sanitation, and Ventilation \u2013 A company dedicated to your needs, combining expertise with a passion for craftsmanship. We look forward to working with you!\n<\/p>\t\t\t\t<\/div>\n\t\t\t\t<\/div>\n\t\t\t\t\t<\/div>\n\t\t\t\t<\/div>\n\t\t<div class=\"elementor-element elementor-element-7e361ef8 e-flex e-con-boxed e-con e-parent\" data-id=\"7e361ef8\" data-element_type=\"container\" data-e-type=\"container\" id=\"service1\" data-settings=\"{&quot;background_background&quot;:&quot;gradient&quot;}\">\n\t\t\t\t\t<div class=\"e-con-inner\">\n\t\t<div class=\"elementor-element elementor-element-132928fd e-con-full e-flex e-con e-child\" data-id=\"132928fd\" data-element_type=\"container\" data-e-type=\"container\" data-settings=\"{&quot;background_background&quot;:&quot;gradient&quot;}\">\n\t\t\t\t<div class=\"elementor-element elementor-element-62b9e50a elementor-widget elementor-widget-heading\" data-id=\"62b9e50a\" data-element_type=\"widget\" data-e-type=\"widget\" data-widget_type=\"heading.default\">\n\t\t\t\t<div class=\"elementor-widget-container\">\n\t\t\t\t\t<h1 class=\"elementor-heading-title elementor-size-default\">Heating\n<\/h1>\t\t\t\t<\/div>\n\t\t\t\t<\/div>\n\t\t\t\t<div class=\"elementor-element elementor-element-c396de5 elementor-widget-divider--view-line elementor-widget elementor-widget-divider\" data-id=\"c396de5\" data-element_type=\"widget\" data-e-type=\"widget\" data-widget_type=\"divider.default\">\n\t\t\t\t<div class=\"elementor-widget-container\">\n\t\t\t\t\t\t\t<div class=\"elementor-divider\">\n\t\t\t<span class=\"elementor-divider-separator\">\n\t\t\t\t\t\t<\/span>\n\t\t<\/div>\n\t\t\t\t\t\t<\/div>\n\t\t\t\t<\/div>\n\t\t\t\t<div class=\"elementor-element elementor-element-7f0d478e elementor-widget elementor-widget-text-editor\" data-id=\"7f0d478e\" data-element_type=\"widget\" data-e-type=\"widget\" data-widget_type=\"text-editor.default\">\n\t\t\t\t<div class=\"elementor-widget-container\">\n\t\t\t\t\t\t\t\t\t<ul><li>Installation of modern heating systems<\/li><li>Advice on energy-efficient solutions (e.g. heat pumps, condensing technology)<\/li><li>Modernization and optimization of existing systems<\/li><li>Installation and retrofitting of underfloor heating<\/li><li>Replacing old boilers with modern and environmentally friendly systems<\/li><li>Maintenance and repair for reliable function<\/li><li>Integration of smart heating controls<\/li><li>Installation of storage and buffer systems<\/li><li>Increased efficiency through venting and flushing<\/li><\/ul><p>We ensure efficient and future-proof heat in your home.<\/p>\t\t\t\t\t\t\t\t<\/div>\n\t\t\t\t<\/div>\n\t\t\t\t<\/div>\n\t\t<div class=\"elementor-element elementor-element-2f14ea25 e-con-full e-flex e-con e-child\" data-id=\"2f14ea25\" data-element_type=\"container\" data-e-type=\"container\" data-settings=\"{&quot;background_background&quot;:&quot;classic&quot;}\">\n\t\t\t\t<\/div>\n\t\t\t\t\t<\/div>\n\t\t\t\t<\/div>\n\t\t<div class=\"elementor-element elementor-element-5957b5a7 e-flex e-con-boxed e-con e-parent\" data-id=\"5957b5a7\" data-element_type=\"container\" data-e-type=\"container\" id=\"service2\" data-settings=\"{&quot;background_background&quot;:&quot;gradient&quot;}\">\n\t\t\t\t\t<div class=\"e-con-inner\">\n\t\t<div class=\"elementor-element elementor-element-14ab9ec5 e-con-full e-flex e-con e-child\" data-id=\"14ab9ec5\" data-element_type=\"container\" data-e-type=\"container\">\n\t\t\t\t<div class=\"elementor-element elementor-element-17688e3d elementor-widget elementor-widget-heading\" data-id=\"17688e3d\" data-element_type=\"widget\" data-e-type=\"widget\" data-widget_type=\"heading.default\">\n\t\t\t\t<div class=\"elementor-widget-container\">\n\t\t\t\t\t<h2 class=\"elementor-heading-title elementor-size-default\">Plumbing\n<\/h2>\t\t\t\t<\/div>\n\t\t\t\t<\/div>\n\t\t\t\t<div class=\"elementor-element elementor-element-e04b8ee elementor-widget-divider--view-line elementor-widget elementor-widget-divider\" data-id=\"e04b8ee\" data-element_type=\"widget\" data-e-type=\"widget\" data-widget_type=\"divider.default\">\n\t\t\t\t<div class=\"elementor-widget-container\">\n\t\t\t\t\t\t\t<div class=\"elementor-divider\">\n\t\t\t<span class=\"elementor-divider-separator\">\n\t\t\t\t\t\t<\/span>\n\t\t<\/div>\n\t\t\t\t\t\t<\/div>\n\t\t\t\t<\/div>\n\t\t\t\t<div class=\"elementor-element elementor-element-cf2a18e elementor-widget elementor-widget-text-editor\" data-id=\"cf2a18e\" data-element_type=\"widget\" data-e-type=\"widget\" data-widget_type=\"text-editor.default\">\n\t\t\t\t<div class=\"elementor-widget-container\">\n\t\t\t\t\t\t\t\t\t<ul><li>Installation of modern sanitary facilities in new buildings and renovations<\/li><li>Design and implementation of functional, barrier-free and aesthetic bathrooms<\/li><li>Installation and maintenance of water pipes, washbasins, toilets and hot water systems<\/li><li>Modernization and optimization of existing sanitary facilities<\/li><li>Leak detection and quick repair of water pipes<\/li><li>Renovation of water and sewage pipes (cleaning, flushing, sealing)<\/li><li>Installation of water filters, softening and rainwater utilization systems<\/li><li>Emergency service in the event of burst water pipes and other damage<\/li><\/ul><div>Reliable solutions for comfort and quality in your home.<\/div>\t\t\t\t\t\t\t\t<\/div>\n\t\t\t\t<\/div>\n\t\t\t\t<\/div>\n\t\t<div class=\"elementor-element elementor-element-683c8e86 e-con-full e-flex e-con e-child\" data-id=\"683c8e86\" data-element_type=\"container\" data-e-type=\"container\" data-settings=\"{&quot;background_background&quot;:&quot;classic&quot;}\">\n\t\t\t\t<\/div>\n\t\t\t\t\t<\/div>\n\t\t\t\t<\/div>\n\t\t<div class=\"elementor-element elementor-element-38b24392 e-flex e-con-boxed e-con e-parent\" data-id=\"38b24392\" data-element_type=\"container\" data-e-type=\"container\" id=\"service3\" data-settings=\"{&quot;background_background&quot;:&quot;gradient&quot;}\">\n\t\t\t\t\t<div class=\"e-con-inner\">\n\t\t<div class=\"elementor-element elementor-element-162e45bf e-con-full e-flex e-con e-child\" data-id=\"162e45bf\" data-element_type=\"container\" data-e-type=\"container\">\n\t\t\t\t<div class=\"elementor-element elementor-element-4aa2e462 elementor-widget elementor-widget-heading\" data-id=\"4aa2e462\" data-element_type=\"widget\" data-e-type=\"widget\" data-widget_type=\"heading.default\">\n\t\t\t\t<div class=\"elementor-widget-container\">\n\t\t\t\t\t<h2 class=\"elementor-heading-title elementor-size-default\">Air Conditioning<\/h2>\t\t\t\t<\/div>\n\t\t\t\t<\/div>\n\t\t\t\t<div class=\"elementor-element elementor-element-41bdbad elementor-widget-divider--view-line elementor-widget elementor-widget-divider\" data-id=\"41bdbad\" data-element_type=\"widget\" data-e-type=\"widget\" data-widget_type=\"divider.default\">\n\t\t\t\t<div class=\"elementor-widget-container\">\n\t\t\t\t\t\t\t<div class=\"elementor-divider\">\n\t\t\t<span class=\"elementor-divider-separator\">\n\t\t\t\t\t\t<\/span>\n\t\t<\/div>\n\t\t\t\t\t\t<\/div>\n\t\t\t\t<\/div>\n\t\t\t\t<div class=\"elementor-element elementor-element-5ef27139 elementor-widget elementor-widget-text-editor\" data-id=\"5ef27139\" data-element_type=\"widget\" data-e-type=\"widget\" data-widget_type=\"text-editor.default\">\n\t\t\t\t<div class=\"elementor-widget-container\">\n\t\t\t\t\t\t\t\t\t<ul><li>Installation and maintenance of ventilation and heat pumps<\/li><li>Ventilation and air conditioning systems with heat recovery<\/li><li>Cleaning and disinfection of ventilation<\/li><\/ul><div>Efficient solutions for your indoor climate.<\/div>\t\t\t\t\t\t\t\t<\/div>\n\t\t\t\t<\/div>\n\t\t\t\t<\/div>\n\t\t<div class=\"elementor-element elementor-element-4429700b e-con-full e-flex e-con e-child\" data-id=\"4429700b\" data-element_type=\"container\" data-e-type=\"container\" data-settings=\"{&quot;background_background&quot;:&quot;classic&quot;}\">\n\t\t\t\t<\/div>\n\t\t\t\t\t<\/div>\n\t\t\t\t<\/div>\n\t\t\t\t<\/div>","protected":false},"excerpt":{"rendered":"<p>Unsere Leistungen W\u00e4hlen Sie Korab Heizung, Sanit\u00e4r und L\u00fcftungstechnik \u2013 Ein Unternehmen, das sich Ihren W\u00fcnschen widmet und mit Fachwissen und Leidenschaft f\u00fcrs Handwerk der Umsetzung verschreibt. Wir freuen uns auf die Zusammenarbeit mit Ihnen! Heizung Installation f\u00fcr moderner Heizsysteme Beratung zu energieeffizienten L\u00f6sungen (z. B. W\u00e4rmepumpen, Brennwerttechnik) Modernisierung und Optimierung bestehender Anlagen Installation und [&hellip;]<\/p>\n","protected":false},"author":1,"featured_media":33,"parent":0,"menu_order":0,"comment_status":"closed","ping_status":"closed","template":"elementor_header_footer","meta":{"footnotes":""},"class_list":["post-30","page","type-page","status-publish","has-post-thumbnail","hentry"],"yoast_head":"<!-- This site is optimized with the Yoast SEO plugin v27.4 - https:\/\/yoast.com\/product\/yoast-seo-wordpress\/ -->\n<title>Services - Korab Sanit\u00e4r<\/title>\n<meta name=\"robots\" content=\"index, follow, max-snippet:-1, max-image-preview:large, max-video-preview:-1\" \/>\n<link rel=\"canonical\" href=\"https:\/\/xn--korab-sanitr-qcb.de\/en\/services\/\" \/>\n<meta property=\"og:locale\" content=\"en_US\" \/>\n<meta property=\"og:type\" content=\"article\" \/>\n<meta property=\"og:title\" content=\"Services - Korab Sanit\u00e4r\" \/>\n<meta property=\"og:description\" content=\"Unsere Leistungen W\u00e4hlen Sie Korab Heizung, Sanit\u00e4r und L\u00fcftungstechnik \u2013 Ein Unternehmen, das sich Ihren W\u00fcnschen widmet und mit Fachwissen und Leidenschaft f\u00fcrs Handwerk der Umsetzung verschreibt. Wir freuen uns auf die Zusammenarbeit mit Ihnen! Heizung Installation f\u00fcr moderner Heizsysteme Beratung zu energieeffizienten L\u00f6sungen (z. B. W\u00e4rmepumpen, Brennwerttechnik) Modernisierung und Optimierung bestehender Anlagen Installation und [&hellip;]\" \/>\n<meta property=\"og:url\" content=\"https:\/\/xn--korab-sanitr-qcb.de\/en\/services\/\" \/>\n<meta property=\"og:site_name\" content=\"Korab Sanit\u00e4r\" \/>\n<meta property=\"article:modified_time\" content=\"2025-03-13T16:12:49+00:00\" \/>\n<meta property=\"og:image\" content=\"https:\/\/xn--korab-sanitr-qcb.de\/wp-content\/uploads\/2025\/01\/Services-400_380.jpg\" \/>\n\t<meta property=\"og:image:width\" content=\"400\" \/>\n\t<meta property=\"og:image:height\" content=\"380\" \/>\n\t<meta property=\"og:image:type\" content=\"image\/jpeg\" \/>\n<meta name=\"twitter:card\" content=\"summary_large_image\" \/>\n<meta name=\"twitter:label1\" content=\"Est. reading time\" \/>\n\t<meta name=\"twitter:data1\" content=\"1 minute\" \/>\n<script type=\"application\/ld+json\" class=\"yoast-schema-graph\">{\"@context\":\"https:\\\/\\\/schema.org\",\"@graph\":[{\"@type\":\"WebPage\",\"@id\":\"https:\\\/\\\/xn--korab-sanitr-qcb.de\\\/services\\\/\",\"url\":\"https:\\\/\\\/xn--korab-sanitr-qcb.de\\\/services\\\/\",\"name\":\"Services - Korab Sanit\u00e4r\",\"isPartOf\":{\"@id\":\"https:\\\/\\\/xn--korab-sanitr-qcb.de\\\/de_DE\\\/#website\"},\"primaryImageOfPage\":{\"@id\":\"https:\\\/\\\/xn--korab-sanitr-qcb.de\\\/services\\\/#primaryimage\"},\"image\":{\"@id\":\"https:\\\/\\\/xn--korab-sanitr-qcb.de\\\/services\\\/#primaryimage\"},\"thumbnailUrl\":\"https:\\\/\\\/xn--korab-sanitr-qcb.de\\\/wp-content\\\/uploads\\\/2025\\\/01\\\/Services-400_380.jpg\",\"datePublished\":\"2025-01-08T11:56:14+00:00\",\"dateModified\":\"2025-03-13T16:12:49+00:00\",\"breadcrumb\":{\"@id\":\"https:\\\/\\\/xn--korab-sanitr-qcb.de\\\/services\\\/#breadcrumb\"},\"inLanguage\":\"en-US\",\"potentialAction\":[{\"@type\":\"ReadAction\",\"target\":[\"https:\\\/\\\/xn--korab-sanitr-qcb.de\\\/services\\\/\"]}]},{\"@type\":\"ImageObject\",\"inLanguage\":\"en-US\",\"@id\":\"https:\\\/\\\/xn--korab-sanitr-qcb.de\\\/services\\\/#primaryimage\",\"url\":\"https:\\\/\\\/xn--korab-sanitr-qcb.de\\\/wp-content\\\/uploads\\\/2025\\\/01\\\/Services-400_380.jpg\",\"contentUrl\":\"https:\\\/\\\/xn--korab-sanitr-qcb.de\\\/wp-content\\\/uploads\\\/2025\\\/01\\\/Services-400_380.jpg\",\"width\":400,\"height\":380},{\"@type\":\"BreadcrumbList\",\"@id\":\"https:\\\/\\\/xn--korab-sanitr-qcb.de\\\/services\\\/#breadcrumb\",\"itemListElement\":[{\"@type\":\"ListItem\",\"position\":1,\"name\":\"Home\",\"item\":\"https:\\\/\\\/xn--korab-sanitr-qcb.de\\\/de\\\/\"},{\"@type\":\"ListItem\",\"position\":2,\"name\":\"Services\"}]},{\"@type\":\"WebSite\",\"@id\":\"https:\\\/\\\/xn--korab-sanitr-qcb.de\\\/de_DE\\\/#website\",\"url\":\"https:\\\/\\\/xn--korab-sanitr-qcb.de\\\/de_DE\\\/\",\"name\":\"Korab Sanit\u00e4r\",\"description\":\" Korab Sanit\u00e4r\",\"publisher\":{\"@id\":\"https:\\\/\\\/xn--korab-sanitr-qcb.de\\\/de_DE\\\/#organization\"},\"potentialAction\":[{\"@type\":\"SearchAction\",\"target\":{\"@type\":\"EntryPoint\",\"urlTemplate\":\"https:\\\/\\\/xn--korab-sanitr-qcb.de\\\/de_DE\\\/?s={search_term_string}\"},\"query-input\":{\"@type\":\"PropertyValueSpecification\",\"valueRequired\":true,\"valueName\":\"search_term_string\"}}],\"inLanguage\":\"en-US\"},{\"@type\":\"Organization\",\"@id\":\"https:\\\/\\\/xn--korab-sanitr-qcb.de\\\/de_DE\\\/#organization\",\"name\":\"Korab Sanit\u00e4r\",\"url\":\"https:\\\/\\\/xn--korab-sanitr-qcb.de\\\/de_DE\\\/\",\"logo\":{\"@type\":\"ImageObject\",\"inLanguage\":\"en-US\",\"@id\":\"https:\\\/\\\/xn--korab-sanitr-qcb.de\\\/de_DE\\\/#\\\/schema\\\/logo\\\/image\\\/\",\"url\":\"https:\\\/\\\/xn--korab-sanitr-qcb.de\\\/wp-content\\\/uploads\\\/2025\\\/01\\\/cropped-Screenshot-2025-01-10-111325-1.png\",\"contentUrl\":\"https:\\\/\\\/xn--korab-sanitr-qcb.de\\\/wp-content\\\/uploads\\\/2025\\\/01\\\/cropped-Screenshot-2025-01-10-111325-1.png\",\"width\":512,\"height\":512,\"caption\":\"  Korab Sanit\u00e4r\"},\"image\":{\"@id\":\"https:\\\/\\\/xn--korab-sanitr-qcb.de\\\/de_DE\\\/#\\\/schema\\\/logo\\\/image\\\/\"}}]}<\/script>\n<!-- \/ Yoast SEO plugin. -->","yoast_head_json":{"title":"Services - Korab Sanit\u00e4r","robots":{"index":"index","follow":"follow","max-snippet":"max-snippet:-1","max-image-preview":"max-image-preview:large","max-video-preview":"max-video-preview:-1"},"canonical":"https:\/\/xn--korab-sanitr-qcb.de\/en\/services\/","og_locale":"en_US","og_type":"article","og_title":"Services - Korab Sanit\u00e4r","og_description":"Unsere Leistungen W\u00e4hlen Sie Korab Heizung, Sanit\u00e4r und L\u00fcftungstechnik \u2013 Ein Unternehmen, das sich Ihren W\u00fcnschen widmet und mit Fachwissen und Leidenschaft f\u00fcrs Handwerk der Umsetzung verschreibt. Wir freuen uns auf die Zusammenarbeit mit Ihnen! Heizung Installation f\u00fcr moderner Heizsysteme Beratung zu energieeffizienten L\u00f6sungen (z. B. W\u00e4rmepumpen, Brennwerttechnik) Modernisierung und Optimierung bestehender Anlagen Installation und [&hellip;]","og_url":"https:\/\/xn--korab-sanitr-qcb.de\/en\/services\/","og_site_name":"Korab Sanit\u00e4r","article_modified_time":"2025-03-13T16:12:49+00:00","og_image":[{"width":400,"height":380,"url":"https:\/\/xn--korab-sanitr-qcb.de\/wp-content\/uploads\/2025\/01\/Services-400_380.jpg","type":"image\/jpeg"}],"twitter_card":"summary_large_image","twitter_misc":{"Est. reading time":"1 minute"},"schema":{"@context":"https:\/\/schema.org","@graph":[{"@type":"WebPage","@id":"https:\/\/xn--korab-sanitr-qcb.de\/services\/","url":"https:\/\/xn--korab-sanitr-qcb.de\/services\/","name":"Services - Korab Sanit\u00e4r","isPartOf":{"@id":"https:\/\/xn--korab-sanitr-qcb.de\/de_DE\/#website"},"primaryImageOfPage":{"@id":"https:\/\/xn--korab-sanitr-qcb.de\/services\/#primaryimage"},"image":{"@id":"https:\/\/xn--korab-sanitr-qcb.de\/services\/#primaryimage"},"thumbnailUrl":"https:\/\/xn--korab-sanitr-qcb.de\/wp-content\/uploads\/2025\/01\/Services-400_380.jpg","datePublished":"2025-01-08T11:56:14+00:00","dateModified":"2025-03-13T16:12:49+00:00","breadcrumb":{"@id":"https:\/\/xn--korab-sanitr-qcb.de\/services\/#breadcrumb"},"inLanguage":"en-US","potentialAction":[{"@type":"ReadAction","target":["https:\/\/xn--korab-sanitr-qcb.de\/services\/"]}]},{"@type":"ImageObject","inLanguage":"en-US","@id":"https:\/\/xn--korab-sanitr-qcb.de\/services\/#primaryimage","url":"https:\/\/xn--korab-sanitr-qcb.de\/wp-content\/uploads\/2025\/01\/Services-400_380.jpg","contentUrl":"https:\/\/xn--korab-sanitr-qcb.de\/wp-content\/uploads\/2025\/01\/Services-400_380.jpg","width":400,"height":380},{"@type":"BreadcrumbList","@id":"https:\/\/xn--korab-sanitr-qcb.de\/services\/#breadcrumb","itemListElement":[{"@type":"ListItem","position":1,"name":"Home","item":"https:\/\/xn--korab-sanitr-qcb.de\/de\/"},{"@type":"ListItem","position":2,"name":"Services"}]},{"@type":"WebSite","@id":"https:\/\/xn--korab-sanitr-qcb.de\/de_DE\/#website","url":"https:\/\/xn--korab-sanitr-qcb.de\/de_DE\/","name":"Korab Sanit\u00e4r","description":"Korab Sanit\u00e4r","publisher":{"@id":"https:\/\/xn--korab-sanitr-qcb.de\/de_DE\/#organization"},"potentialAction":[{"@type":"SearchAction","target":{"@type":"EntryPoint","urlTemplate":"https:\/\/xn--korab-sanitr-qcb.de\/de_DE\/?s={search_term_string}"},"query-input":{"@type":"PropertyValueSpecification","valueRequired":true,"valueName":"search_term_string"}}],"inLanguage":"en-US"},{"@type":"Organization","@id":"https:\/\/xn--korab-sanitr-qcb.de\/de_DE\/#organization","name":"Korab Sanit\u00e4r","url":"https:\/\/xn--korab-sanitr-qcb.de\/de_DE\/","logo":{"@type":"ImageObject","inLanguage":"en-US","@id":"https:\/\/xn--korab-sanitr-qcb.de\/de_DE\/#\/schema\/logo\/image\/","url":"https:\/\/xn--korab-sanitr-qcb.de\/wp-content\/uploads\/2025\/01\/cropped-Screenshot-2025-01-10-111325-1.png","contentUrl":"https:\/\/xn--korab-sanitr-qcb.de\/wp-content\/uploads\/2025\/01\/cropped-Screenshot-2025-01-10-111325-1.png","width":512,"height":512,"caption":"  Korab Sanit\u00e4r"},"image":{"@id":"https:\/\/xn--korab-sanitr-qcb.de\/de_DE\/#\/schema\/logo\/image\/"}}]}},"_links":{"self":[{"href":"https:\/\/xn--korab-sanitr-qcb.de\/en\/wp-json\/wp\/v2\/pages\/30","targetHints":{"allow":["GET"]}}],"collection":[{"href":"https:\/\/xn--korab-sanitr-qcb.de\/en\/wp-json\/wp\/v2\/pages"}],"about":[{"href":"https:\/\/xn--korab-sanitr-qcb.de\/en\/wp-json\/wp\/v2\/types\/page"}],"author":[{"embeddable":true,"href":"https:\/\/xn--korab-sanitr-qcb.de\/en\/wp-json\/wp\/v2\/users\/1"}],"replies":[{"embeddable":true,"href":"https:\/\/xn--korab-sanitr-qcb.de\/en\/wp-json\/wp\/v2\/comments?post=30"}],"version-history":[{"count":280,"href":"https:\/\/xn--korab-sanitr-qcb.de\/en\/wp-json\/wp\/v2\/pages\/30\/revisions"}],"predecessor-version":[{"id":2855,"href":"https:\/\/xn--korab-sanitr-qcb.de\/en\/wp-json\/wp\/v2\/pages\/30\/revisions\/2855"}],"wp:featuredmedia":[{"embeddable":true,"href":"https:\/\/xn--korab-sanitr-qcb.de\/en\/wp-json\/wp\/v2\/media\/33"}],"wp:attachment":[{"href":"https:\/\/xn--korab-sanitr-qcb.de\/en\/wp-json\/wp\/v2\/media?parent=30"}],"curies":[{"name":"wp","href":"https:\/\/api.w.org\/{rel}","templated":true}]}}