{"id":2955,"date":"2025-04-03T11:50:35","date_gmt":"2025-04-03T11:50:35","guid":{"rendered":"https:\/\/xn--korab-sanitr-qcb.de\/?page_id=2955"},"modified":"2025-05-14T18:38:05","modified_gmt":"2025-05-14T18:38:05","slug":"privacy-policy","status":"publish","type":"page","link":"https:\/\/xn--korab-sanitr-qcb.de\/en\/privacy-policy\/","title":{"rendered":"Privacy Policy"},"content":{"rendered":"<div data-elementor-type=\"wp-page\" data-elementor-id=\"2955\" class=\"elementor elementor-2955\">\n\t\t\t\t<div class=\"elementor-element elementor-element-5bfd9e3 e-flex e-con-boxed e-con e-parent\" data-id=\"5bfd9e3\" data-element_type=\"container\" data-e-type=\"container\">\n\t\t\t\t\t<div class=\"e-con-inner\">\n\t\t\t\t<div class=\"elementor-element elementor-element-3e2ce1b elementor-widget elementor-widget-text-editor\" data-id=\"3e2ce1b\" data-element_type=\"widget\" data-e-type=\"widget\" data-widget_type=\"text-editor.default\">\n\t\t\t\t<div class=\"elementor-widget-container\">\n\t\t\t\t\t\t\t\t\t<h5><strong>Privacy Policy<\/strong><\/h5><p><br \/>1. Data protection at a glance<br \/>General information<br \/>The following information provides a simple overview of what happens to your personal data when you visit our website. Personal data is any data that can be used to identify you personally.<\/p><p>Data collection on this website<br \/>Data processing on this website is carried out by the website operator. You can find their contact details in the website's imprint.<\/p><p>How do we collect your data?<br \/>On the one hand, your data is collected when you communicate it to us \u2013 for example, by contacting us by email.<br \/>Other data is automatically collected by our IT systems when you visit the website. This primarily involves technical data (e.g., internet browser, operating system, or time of page access). This data is collected automatically as soon as you access this website.<\/p><p>What do we use your data for?<br \/>Some of the data is collected to ensure the website functions correctly. Other data may be used to analyze your user behavior.<\/p><p>What rights do you have regarding your data?<br \/>You have the right to obtain information about the origin, recipient, and purpose of your stored personal data free of charge at any time. You also have the right to request the correction or deletion of this data. You can contact us at any time at the address provided in the legal notice for this purpose and for other questions regarding data protection.<br \/>Furthermore, you have the right to lodge a complaint with the competent supervisory authority.<br \/>You also have the right to request the restriction of processing of your personal data under certain circumstances. Details can be found in this privacy policy under the section \"Right to Restriction of Processing.\"<\/p><p>Analysis tools and third-party tools<br \/>When you visit this website, your browsing behavior may be statistically analyzed. This is done primarily using cookies and so-called analysis programs.<br \/>The analysis of your surfing behavior is generally anonymous; your surfing behavior cannot be traced back to you.<br \/>You can object to this analysis or prevent it by not using certain tools. Detailed information can be found in the following privacy policy.<\/p><p>2. Hosting<br \/>External hosting<br \/>This website is hosted by an external service provider (hoster). The personal data collected on this website is stored on the hoster's servers. This may primarily include IP addresses, contact requests, meta and communication data, contract data, contact details, names, website accesses, and other data generated via a website.<\/p><p>The hoster is used for the purpose of fulfilling the contract with our potential and existing customers (Art. 6 (1) (b) GDPR) and in the interest of a secure, fast and efficient provision of our online service by a professional provider (Art. 6 (1) (f) GDPR).<\/p><p>Our host will only process your data to the extent necessary to fulfill its service obligations and will follow our instructions regarding this data.<\/p><p>Conclusion of a contract for order processing<br \/>In order to ensure data protection-compliant processing, we have concluded a contract for order processing with our host.<\/p><p>3. General information and mandatory information<br \/>Data protection<br \/>The operators of these websites take the protection of your personal data very seriously. We treat your personal data confidentially and in accordance with the statutory data protection regulations and this privacy policy.<\/p><p>When you use this website, various personal data is collected. Personal data is data that can be used to identify you personally.<br \/>This privacy policy explains what data we collect and what we use it for. It also explains how and for what purpose we do so.<\/p><p>Note on data transmission over the Internet<br \/>We would like to point out that data transmission over the Internet (e.g., when communicating via email) may be subject to security gaps. Complete protection of data from access by third parties is not possible.<\/p><p>4. Your rights as a data subject<br \/>Right to information according to Art.15 GDPR<\/p><p>Right to rectification according to Art.16 GDPR<\/p><p>Right to erasure (\u201cright to be forgotten\u201d) according to Art. 17 GDPR<\/p><p>Right to restriction of processing pursuant to Art. 18 GDPR<\/p><p>Right to data portability according to Art.20 GDPR<\/p><p>Right to object to processing pursuant to Art.21 GDPR<\/p><p>Right to lodge a complaint with a supervisory authority pursuant to Art.77 GDPR<\/p><p>The responsible supervisory authority is:<br \/>Berlin Commissioner for Data Protection and Freedom of Information<br \/>Alt-Moabit 59\u201361<br \/>10555 Berlin<br \/>www.datenschutz-berlin.de<\/p><p>5. Right to object to direct marketing<br \/>The use of contact information published in accordance with the imprint obligation to send unsolicited advertising and information materials is hereby prohibited. The operators of the website reserve the right to take legal action in the event of unsolicited advertising information being sent, for example, through spam emails.<\/p>\t\t\t\t\t\t\t\t<\/div>\n\t\t\t\t<\/div>\n\t\t\t\t<div class=\"elementor-element elementor-element-0c42b2c elementor-widget elementor-widget-text-editor\" data-id=\"0c42b2c\" data-element_type=\"widget\" data-e-type=\"widget\" data-widget_type=\"text-editor.default\">\n\t\t\t\t<div class=\"elementor-widget-container\">\n\t\t\t\t\t\t\t\t\t<h3><strong>imprint<\/strong><\/h3><p>Information according to \u00a7 5 TMG<\/p><p>Korab Sanit\u00e4r<\/p><p>Owner: Korab Sinanaj<\/p><p>Tax number: 1649601600<\/p><p>Emser Stra\u00dfe 86<\/p><p>12051 Berlin<\/p><p>Phone: 0176 6048 2961<\/p><p>E-Mail: info@korab-sanit\u00e4r.de<\/p><p>Website: www.korab-sanit\u00e4r.de<\/p><p>Legal form: sole proprietorship<\/p><p>Company number (HWK): 8004445<\/p><p>Competent Chamber:<\/p><p>Berlin Chamber of Crafts<\/p><p>Bl\u00fccherstra\u00dfe 68<\/p><p>10961 Berlin<\/p><p>www.hwk-berlin.de<\/p><p>VAT ID according to \u00a7 27a UStG: (please submit later if available)<\/p><p>Responsible for the content according to \u00a7 55 para. 2 RStV:<\/p><p>Korab Sinanaj<\/p><p>Emser Stra\u00dfe 86<\/p><p>12051 Berlin<\/p><p>EU Commission platform for online dispute resolution (ODR):<\/p><p>https:\/\/ec.europa.eu\/consumers\/odr<\/p><p>We are not willing or obliged to participate in dispute resolution proceedings before a consumer arbitration board.<\/p><p>Social Media Profile:<\/p><p>This imprint also applies to our profiles on:<\/p><p>Facebook<\/p><p>Instagram<\/p>\t\t\t\t\t\t\t\t<\/div>\n\t\t\t\t<\/div>\n\t\t\t\t\t<\/div>\n\t\t\t\t<\/div>\n\t\t\t\t<\/div>","protected":false},"excerpt":{"rendered":"<p>Datenschutzerkl\u00e4rung 1. Datenschutz auf einen BlickAllgemeine HinweiseDie folgenden Hinweise geben einen einfachen \u00dcberblick dar\u00fcber, was mit Ihren personenbezogenen Daten passiert, wenn Sie unsere Website besuchen. Personenbezogene Daten sind alle Daten, mit denen Sie pers\u00f6nlich identifiziert werden k\u00f6nnen. Datenerfassung auf dieser WebsiteDie Datenverarbeitung auf dieser Website erfolgt durch den Websitebetreiber. Dessen Kontaktdaten k\u00f6nnen Sie dem Impressum [&hellip;]<\/p>\n","protected":false},"author":1,"featured_media":0,"parent":0,"menu_order":0,"comment_status":"closed","ping_status":"closed","template":"","meta":{"footnotes":""},"class_list":["post-2955","page","type-page","status-publish","hentry"],"yoast_head":"<!-- This site is optimized with the Yoast SEO plugin v27.4 - https:\/\/yoast.com\/product\/yoast-seo-wordpress\/ -->\n<title>Privacy Policy - Korab Sanit\u00e4r<\/title>\n<meta name=\"robots\" content=\"index, follow, max-snippet:-1, max-image-preview:large, max-video-preview:-1\" \/>\n<link rel=\"canonical\" href=\"https:\/\/xn--korab-sanitr-qcb.de\/en\/privacy-policy\/\" \/>\n<meta property=\"og:locale\" content=\"en_US\" \/>\n<meta property=\"og:type\" content=\"article\" \/>\n<meta property=\"og:title\" content=\"Privacy Policy - Korab Sanit\u00e4r\" \/>\n<meta property=\"og:description\" content=\"Datenschutzerkl\u00e4rung 1. Datenschutz auf einen BlickAllgemeine HinweiseDie folgenden Hinweise geben einen einfachen \u00dcberblick dar\u00fcber, was mit Ihren personenbezogenen Daten passiert, wenn Sie unsere Website besuchen. Personenbezogene Daten sind alle Daten, mit denen Sie pers\u00f6nlich identifiziert werden k\u00f6nnen. Datenerfassung auf dieser WebsiteDie Datenverarbeitung auf dieser Website erfolgt durch den Websitebetreiber. Dessen Kontaktdaten k\u00f6nnen Sie dem Impressum [&hellip;]\" \/>\n<meta property=\"og:url\" content=\"https:\/\/xn--korab-sanitr-qcb.de\/en\/privacy-policy\/\" \/>\n<meta property=\"og:site_name\" content=\"Korab Sanit\u00e4r\" \/>\n<meta property=\"article:modified_time\" content=\"2025-05-14T18:38:05+00:00\" \/>\n<meta name=\"twitter:card\" content=\"summary_large_image\" \/>\n<meta name=\"twitter:label1\" content=\"Est. reading time\" \/>\n\t<meta name=\"twitter:data1\" content=\"4 minutes\" \/>\n<script type=\"application\/ld+json\" class=\"yoast-schema-graph\">{\"@context\":\"https:\\\/\\\/schema.org\",\"@graph\":[{\"@type\":\"WebPage\",\"@id\":\"https:\\\/\\\/xn--korab-sanitr-qcb.de\\\/privacy-policy\\\/\",\"url\":\"https:\\\/\\\/xn--korab-sanitr-qcb.de\\\/privacy-policy\\\/\",\"name\":\"Privacy Policy - Korab Sanit\u00e4r\",\"isPartOf\":{\"@id\":\"https:\\\/\\\/xn--korab-sanitr-qcb.de\\\/de_DE\\\/#website\"},\"datePublished\":\"2025-04-03T11:50:35+00:00\",\"dateModified\":\"2025-05-14T18:38:05+00:00\",\"breadcrumb\":{\"@id\":\"https:\\\/\\\/xn--korab-sanitr-qcb.de\\\/privacy-policy\\\/#breadcrumb\"},\"inLanguage\":\"en-US\",\"potentialAction\":[{\"@type\":\"ReadAction\",\"target\":[\"https:\\\/\\\/xn--korab-sanitr-qcb.de\\\/privacy-policy\\\/\"]}]},{\"@type\":\"BreadcrumbList\",\"@id\":\"https:\\\/\\\/xn--korab-sanitr-qcb.de\\\/privacy-policy\\\/#breadcrumb\",\"itemListElement\":[{\"@type\":\"ListItem\",\"position\":1,\"name\":\"Home\",\"item\":\"https:\\\/\\\/xn--korab-sanitr-qcb.de\\\/de\\\/\"},{\"@type\":\"ListItem\",\"position\":2,\"name\":\"Privacy Policy\"}]},{\"@type\":\"WebSite\",\"@id\":\"https:\\\/\\\/xn--korab-sanitr-qcb.de\\\/de_DE\\\/#website\",\"url\":\"https:\\\/\\\/xn--korab-sanitr-qcb.de\\\/de_DE\\\/\",\"name\":\"Korab Sanit\u00e4r\",\"description\":\" Korab Sanit\u00e4r\",\"publisher\":{\"@id\":\"https:\\\/\\\/xn--korab-sanitr-qcb.de\\\/de_DE\\\/#organization\"},\"potentialAction\":[{\"@type\":\"SearchAction\",\"target\":{\"@type\":\"EntryPoint\",\"urlTemplate\":\"https:\\\/\\\/xn--korab-sanitr-qcb.de\\\/de_DE\\\/?s={search_term_string}\"},\"query-input\":{\"@type\":\"PropertyValueSpecification\",\"valueRequired\":true,\"valueName\":\"search_term_string\"}}],\"inLanguage\":\"en-US\"},{\"@type\":\"Organization\",\"@id\":\"https:\\\/\\\/xn--korab-sanitr-qcb.de\\\/de_DE\\\/#organization\",\"name\":\"Korab Sanit\u00e4r\",\"url\":\"https:\\\/\\\/xn--korab-sanitr-qcb.de\\\/de_DE\\\/\",\"logo\":{\"@type\":\"ImageObject\",\"inLanguage\":\"en-US\",\"@id\":\"https:\\\/\\\/xn--korab-sanitr-qcb.de\\\/de_DE\\\/#\\\/schema\\\/logo\\\/image\\\/\",\"url\":\"https:\\\/\\\/xn--korab-sanitr-qcb.de\\\/wp-content\\\/uploads\\\/2025\\\/01\\\/cropped-Screenshot-2025-01-10-111325-1.png\",\"contentUrl\":\"https:\\\/\\\/xn--korab-sanitr-qcb.de\\\/wp-content\\\/uploads\\\/2025\\\/01\\\/cropped-Screenshot-2025-01-10-111325-1.png\",\"width\":512,\"height\":512,\"caption\":\"  Korab Sanit\u00e4r\"},\"image\":{\"@id\":\"https:\\\/\\\/xn--korab-sanitr-qcb.de\\\/de_DE\\\/#\\\/schema\\\/logo\\\/image\\\/\"}}]}<\/script>\n<!-- \/ Yoast SEO plugin. -->","yoast_head_json":{"title":"Privacy Policy - Korab Sanit\u00e4r","robots":{"index":"index","follow":"follow","max-snippet":"max-snippet:-1","max-image-preview":"max-image-preview:large","max-video-preview":"max-video-preview:-1"},"canonical":"https:\/\/xn--korab-sanitr-qcb.de\/en\/privacy-policy\/","og_locale":"en_US","og_type":"article","og_title":"Privacy Policy - Korab Sanit\u00e4r","og_description":"Datenschutzerkl\u00e4rung 1. Datenschutz auf einen BlickAllgemeine HinweiseDie folgenden Hinweise geben einen einfachen \u00dcberblick dar\u00fcber, was mit Ihren personenbezogenen Daten passiert, wenn Sie unsere Website besuchen. Personenbezogene Daten sind alle Daten, mit denen Sie pers\u00f6nlich identifiziert werden k\u00f6nnen. Datenerfassung auf dieser WebsiteDie Datenverarbeitung auf dieser Website erfolgt durch den Websitebetreiber. Dessen Kontaktdaten k\u00f6nnen Sie dem Impressum [&hellip;]","og_url":"https:\/\/xn--korab-sanitr-qcb.de\/en\/privacy-policy\/","og_site_name":"Korab Sanit\u00e4r","article_modified_time":"2025-05-14T18:38:05+00:00","twitter_card":"summary_large_image","twitter_misc":{"Est. reading time":"4 minutes"},"schema":{"@context":"https:\/\/schema.org","@graph":[{"@type":"WebPage","@id":"https:\/\/xn--korab-sanitr-qcb.de\/privacy-policy\/","url":"https:\/\/xn--korab-sanitr-qcb.de\/privacy-policy\/","name":"Privacy Policy - Korab Sanit\u00e4r","isPartOf":{"@id":"https:\/\/xn--korab-sanitr-qcb.de\/de_DE\/#website"},"datePublished":"2025-04-03T11:50:35+00:00","dateModified":"2025-05-14T18:38:05+00:00","breadcrumb":{"@id":"https:\/\/xn--korab-sanitr-qcb.de\/privacy-policy\/#breadcrumb"},"inLanguage":"en-US","potentialAction":[{"@type":"ReadAction","target":["https:\/\/xn--korab-sanitr-qcb.de\/privacy-policy\/"]}]},{"@type":"BreadcrumbList","@id":"https:\/\/xn--korab-sanitr-qcb.de\/privacy-policy\/#breadcrumb","itemListElement":[{"@type":"ListItem","position":1,"name":"Home","item":"https:\/\/xn--korab-sanitr-qcb.de\/de\/"},{"@type":"ListItem","position":2,"name":"Privacy Policy"}]},{"@type":"WebSite","@id":"https:\/\/xn--korab-sanitr-qcb.de\/de_DE\/#website","url":"https:\/\/xn--korab-sanitr-qcb.de\/de_DE\/","name":"Korab Sanit\u00e4r","description":"Korab Sanit\u00e4r","publisher":{"@id":"https:\/\/xn--korab-sanitr-qcb.de\/de_DE\/#organization"},"potentialAction":[{"@type":"SearchAction","target":{"@type":"EntryPoint","urlTemplate":"https:\/\/xn--korab-sanitr-qcb.de\/de_DE\/?s={search_term_string}"},"query-input":{"@type":"PropertyValueSpecification","valueRequired":true,"valueName":"search_term_string"}}],"inLanguage":"en-US"},{"@type":"Organization","@id":"https:\/\/xn--korab-sanitr-qcb.de\/de_DE\/#organization","name":"Korab Sanit\u00e4r","url":"https:\/\/xn--korab-sanitr-qcb.de\/de_DE\/","logo":{"@type":"ImageObject","inLanguage":"en-US","@id":"https:\/\/xn--korab-sanitr-qcb.de\/de_DE\/#\/schema\/logo\/image\/","url":"https:\/\/xn--korab-sanitr-qcb.de\/wp-content\/uploads\/2025\/01\/cropped-Screenshot-2025-01-10-111325-1.png","contentUrl":"https:\/\/xn--korab-sanitr-qcb.de\/wp-content\/uploads\/2025\/01\/cropped-Screenshot-2025-01-10-111325-1.png","width":512,"height":512,"caption":"  Korab Sanit\u00e4r"},"image":{"@id":"https:\/\/xn--korab-sanitr-qcb.de\/de_DE\/#\/schema\/logo\/image\/"}}]}},"_links":{"self":[{"href":"https:\/\/xn--korab-sanitr-qcb.de\/en\/wp-json\/wp\/v2\/pages\/2955","targetHints":{"allow":["GET"]}}],"collection":[{"href":"https:\/\/xn--korab-sanitr-qcb.de\/en\/wp-json\/wp\/v2\/pages"}],"about":[{"href":"https:\/\/xn--korab-sanitr-qcb.de\/en\/wp-json\/wp\/v2\/types\/page"}],"author":[{"embeddable":true,"href":"https:\/\/xn--korab-sanitr-qcb.de\/en\/wp-json\/wp\/v2\/users\/1"}],"replies":[{"embeddable":true,"href":"https:\/\/xn--korab-sanitr-qcb.de\/en\/wp-json\/wp\/v2\/comments?post=2955"}],"version-history":[{"count":28,"href":"https:\/\/xn--korab-sanitr-qcb.de\/en\/wp-json\/wp\/v2\/pages\/2955\/revisions"}],"predecessor-version":[{"id":3101,"href":"https:\/\/xn--korab-sanitr-qcb.de\/en\/wp-json\/wp\/v2\/pages\/2955\/revisions\/3101"}],"wp:attachment":[{"href":"https:\/\/xn--korab-sanitr-qcb.de\/en\/wp-json\/wp\/v2\/media?parent=2955"}],"curies":[{"name":"wp","href":"https:\/\/api.w.org\/{rel}","templated":true}]}}