{"id":2983,"date":"2025-04-03T15:13:55","date_gmt":"2025-04-03T15:13:55","guid":{"rendered":"https:\/\/xn--korab-sanitr-qcb.de\/?page_id=2983"},"modified":"2025-04-03T15:31:58","modified_gmt":"2025-04-03T15:31:58","slug":"plumbing","status":"publish","type":"page","link":"https:\/\/xn--korab-sanitr-qcb.de\/de\/plumbing\/","title":{"rendered":"plumbing"},"content":{"rendered":"\t\t<div data-elementor-type=\"wp-page\" data-elementor-id=\"2983\" class=\"elementor elementor-2983\">\n\t\t\t\t<div class=\"elementor-element elementor-element-ddbc333 e-con-full e-flex e-con e-parent\" data-id=\"ddbc333\" data-element_type=\"container\" data-e-type=\"container\">\n\t\t<div class=\"elementor-element elementor-element-0cd6e97 e-con-full e-flex e-con e-child\" data-id=\"0cd6e97\" data-element_type=\"container\" data-e-type=\"container\" data-settings=\"{&quot;background_background&quot;:&quot;gradient&quot;}\">\n\t\t<div class=\"elementor-element elementor-element-0be8061 e-con-full e-flex e-con e-child\" data-id=\"0be8061\" data-element_type=\"container\" data-e-type=\"container\">\n\t\t\t\t<div class=\"elementor-element elementor-element-cbd1ab9 elementor-widget elementor-widget-heading\" data-id=\"cbd1ab9\" data-element_type=\"widget\" data-e-type=\"widget\" data-widget_type=\"heading.default\">\n\t\t\t\t<div class=\"elementor-widget-container\">\n\t\t\t\t\t<h2 class=\"elementor-heading-title elementor-size-default\">Sanit\u00e4r\n<\/h2>\t\t\t\t<\/div>\n\t\t\t\t<\/div>\n\t\t\t\t<div class=\"elementor-element elementor-element-c1feca0 elementor-widget-divider--view-line elementor-widget elementor-widget-divider\" data-id=\"c1feca0\" data-element_type=\"widget\" data-e-type=\"widget\" data-widget_type=\"divider.default\">\n\t\t\t\t<div class=\"elementor-widget-container\">\n\t\t\t\t\t\t\t<div class=\"elementor-divider\">\n\t\t\t<span class=\"elementor-divider-separator\">\n\t\t\t\t\t\t<\/span>\n\t\t<\/div>\n\t\t\t\t\t\t<\/div>\n\t\t\t\t<\/div>\n\t\t\t\t<div class=\"elementor-element elementor-element-26a7d25 elementor-widget elementor-widget-text-editor\" data-id=\"26a7d25\" data-element_type=\"widget\" data-e-type=\"widget\" data-widget_type=\"text-editor.default\">\n\t\t\t\t<div class=\"elementor-widget-container\">\n\t\t\t\t\t\t\t\t\t<ul><li>Installation moderner Sanit\u00e4ranlagen in Neubauten und bei Renovierungen<\/li><li>Gestaltung und Umsetzung funktionaler, barrierefreier und \u00e4sthetischer Badezimmer<\/li><li>Installation und Wartung von Wasserleitungen, Waschbecken, Toiletten und Warmwassersystemen<\/li><li>Modernisierung und Optimierung bestehender Sanit\u00e4ranlagen<\/li><li>Leckageortung und schnelle Reparatur von Wasserleitungen<\/li><li>Sanierung von Wasser- und Abwasserleitungen (Reinigung, Sp\u00fclung, Abdichtung)<\/li><li>Einbau von Wasserfiltern, Enth\u00e4rtungs- und Regenwassernutzungsanlagen<\/li><li>Notdienst bei Wasserrohrbr\u00fcchen und anderen Sch\u00e4den<\/li><\/ul><div>Zuverl\u00e4ssige L\u00f6sungen f\u00fcr Komfort und Qualit\u00e4t in Ihrem Zuhause.<\/div>\t\t\t\t\t\t\t\t<\/div>\n\t\t\t\t<\/div>\n\t\t\t\t<\/div>\n\t\t<div class=\"elementor-element elementor-element-6e3a1f1 e-con-full e-flex e-con e-child\" data-id=\"6e3a1f1\" data-element_type=\"container\" data-e-type=\"container\" data-settings=\"{&quot;background_background&quot;:&quot;classic&quot;}\">\n\t\t\t\t<\/div>\n\t\t\t\t<\/div>\n\t\t\t\t<\/div>\n\t\t\t\t<\/div>\n\t\t","protected":false},"excerpt":{"rendered":"<p>Sanit\u00e4r Installation moderner Sanit\u00e4ranlagen in Neubauten und bei Renovierungen Gestaltung und Umsetzung funktionaler, barrierefreier und \u00e4sthetischer Badezimmer Installation und Wartung von Wasserleitungen, Waschbecken, Toiletten und Warmwassersystemen Modernisierung und Optimierung bestehender Sanit\u00e4ranlagen Leckageortung und schnelle Reparatur von Wasserleitungen Sanierung von Wasser- und Abwasserleitungen (Reinigung, Sp\u00fclung, Abdichtung) Einbau von Wasserfiltern, Enth\u00e4rtungs- und Regenwassernutzungsanlagen Notdienst bei Wasserrohrbr\u00fcchen und [&hellip;]<\/p>\n","protected":false},"author":1,"featured_media":0,"parent":0,"menu_order":0,"comment_status":"closed","ping_status":"closed","template":"","meta":{"footnotes":""},"class_list":["post-2983","page","type-page","status-publish","hentry"],"yoast_head":"<!-- This site is optimized with the Yoast SEO plugin v27.4 - https:\/\/yoast.com\/product\/yoast-seo-wordpress\/ -->\n<title>plumbing - Korab Sanit\u00e4r<\/title>\n<meta name=\"robots\" content=\"index, follow, max-snippet:-1, max-image-preview:large, max-video-preview:-1\" \/>\n<link rel=\"canonical\" href=\"https:\/\/xn--korab-sanitr-qcb.de\/de\/plumbing\/\" \/>\n<meta property=\"og:locale\" content=\"de_DE\" \/>\n<meta property=\"og:type\" content=\"article\" \/>\n<meta property=\"og:title\" content=\"plumbing - Korab Sanit\u00e4r\" \/>\n<meta property=\"og:description\" content=\"Sanit\u00e4r Installation moderner Sanit\u00e4ranlagen in Neubauten und bei Renovierungen Gestaltung und Umsetzung funktionaler, barrierefreier und \u00e4sthetischer Badezimmer Installation und Wartung von Wasserleitungen, Waschbecken, Toiletten und Warmwassersystemen Modernisierung und Optimierung bestehender Sanit\u00e4ranlagen Leckageortung und schnelle Reparatur von Wasserleitungen Sanierung von Wasser- und Abwasserleitungen (Reinigung, Sp\u00fclung, Abdichtung) Einbau von Wasserfiltern, Enth\u00e4rtungs- und Regenwassernutzungsanlagen Notdienst bei Wasserrohrbr\u00fcchen und [&hellip;]\" \/>\n<meta property=\"og:url\" content=\"https:\/\/xn--korab-sanitr-qcb.de\/de\/plumbing\/\" \/>\n<meta property=\"og:site_name\" content=\"Korab Sanit\u00e4r\" \/>\n<meta property=\"article:modified_time\" content=\"2025-04-03T15:31:58+00:00\" \/>\n<meta name=\"twitter:card\" content=\"summary_large_image\" \/>\n<meta name=\"twitter:label1\" content=\"Gesch\u00e4tzte Lesezeit\" \/>\n\t<meta name=\"twitter:data1\" content=\"1\u00a0Minute\" \/>\n<script type=\"application\/ld+json\" class=\"yoast-schema-graph\">{\"@context\":\"https:\\\/\\\/schema.org\",\"@graph\":[{\"@type\":\"WebPage\",\"@id\":\"https:\\\/\\\/xn--korab-sanitr-qcb.de\\\/plumbing\\\/\",\"url\":\"https:\\\/\\\/xn--korab-sanitr-qcb.de\\\/plumbing\\\/\",\"name\":\"plumbing - Korab Sanit\u00e4r\",\"isPartOf\":{\"@id\":\"https:\\\/\\\/xn--korab-sanitr-qcb.de\\\/de_DE\\\/#website\"},\"datePublished\":\"2025-04-03T15:13:55+00:00\",\"dateModified\":\"2025-04-03T15:31:58+00:00\",\"breadcrumb\":{\"@id\":\"https:\\\/\\\/xn--korab-sanitr-qcb.de\\\/plumbing\\\/#breadcrumb\"},\"inLanguage\":\"de\",\"potentialAction\":[{\"@type\":\"ReadAction\",\"target\":[\"https:\\\/\\\/xn--korab-sanitr-qcb.de\\\/plumbing\\\/\"]}]},{\"@type\":\"BreadcrumbList\",\"@id\":\"https:\\\/\\\/xn--korab-sanitr-qcb.de\\\/plumbing\\\/#breadcrumb\",\"itemListElement\":[{\"@type\":\"ListItem\",\"position\":1,\"name\":\"Home\",\"item\":\"https:\\\/\\\/xn--korab-sanitr-qcb.de\\\/de\\\/\"},{\"@type\":\"ListItem\",\"position\":2,\"name\":\"plumbing\"}]},{\"@type\":\"WebSite\",\"@id\":\"https:\\\/\\\/xn--korab-sanitr-qcb.de\\\/de_DE\\\/#website\",\"url\":\"https:\\\/\\\/xn--korab-sanitr-qcb.de\\\/de_DE\\\/\",\"name\":\"Korab Sanit\u00e4r\",\"description\":\" Korab Sanit\u00e4r\",\"publisher\":{\"@id\":\"https:\\\/\\\/xn--korab-sanitr-qcb.de\\\/de_DE\\\/#organization\"},\"potentialAction\":[{\"@type\":\"SearchAction\",\"target\":{\"@type\":\"EntryPoint\",\"urlTemplate\":\"https:\\\/\\\/xn--korab-sanitr-qcb.de\\\/de_DE\\\/?s={search_term_string}\"},\"query-input\":{\"@type\":\"PropertyValueSpecification\",\"valueRequired\":true,\"valueName\":\"search_term_string\"}}],\"inLanguage\":\"de\"},{\"@type\":\"Organization\",\"@id\":\"https:\\\/\\\/xn--korab-sanitr-qcb.de\\\/de_DE\\\/#organization\",\"name\":\"Korab Sanit\u00e4r\",\"url\":\"https:\\\/\\\/xn--korab-sanitr-qcb.de\\\/de_DE\\\/\",\"logo\":{\"@type\":\"ImageObject\",\"inLanguage\":\"de\",\"@id\":\"https:\\\/\\\/xn--korab-sanitr-qcb.de\\\/de_DE\\\/#\\\/schema\\\/logo\\\/image\\\/\",\"url\":\"https:\\\/\\\/xn--korab-sanitr-qcb.de\\\/wp-content\\\/uploads\\\/2025\\\/01\\\/cropped-Screenshot-2025-01-10-111325-1.png\",\"contentUrl\":\"https:\\\/\\\/xn--korab-sanitr-qcb.de\\\/wp-content\\\/uploads\\\/2025\\\/01\\\/cropped-Screenshot-2025-01-10-111325-1.png\",\"width\":512,\"height\":512,\"caption\":\"  Korab Sanit\u00e4r\"},\"image\":{\"@id\":\"https:\\\/\\\/xn--korab-sanitr-qcb.de\\\/de_DE\\\/#\\\/schema\\\/logo\\\/image\\\/\"}}]}<\/script>\n<!-- \/ Yoast SEO plugin. -->","yoast_head_json":{"title":"plumbing - Korab Sanit\u00e4r","robots":{"index":"index","follow":"follow","max-snippet":"max-snippet:-1","max-image-preview":"max-image-preview:large","max-video-preview":"max-video-preview:-1"},"canonical":"https:\/\/xn--korab-sanitr-qcb.de\/de\/plumbing\/","og_locale":"de_DE","og_type":"article","og_title":"plumbing - Korab Sanit\u00e4r","og_description":"Sanit\u00e4r Installation moderner Sanit\u00e4ranlagen in Neubauten und bei Renovierungen Gestaltung und Umsetzung funktionaler, barrierefreier und \u00e4sthetischer Badezimmer Installation und Wartung von Wasserleitungen, Waschbecken, Toiletten und Warmwassersystemen Modernisierung und Optimierung bestehender Sanit\u00e4ranlagen Leckageortung und schnelle Reparatur von Wasserleitungen Sanierung von Wasser- und Abwasserleitungen (Reinigung, Sp\u00fclung, Abdichtung) Einbau von Wasserfiltern, Enth\u00e4rtungs- und Regenwassernutzungsanlagen Notdienst bei Wasserrohrbr\u00fcchen und [&hellip;]","og_url":"https:\/\/xn--korab-sanitr-qcb.de\/de\/plumbing\/","og_site_name":"Korab Sanit\u00e4r","article_modified_time":"2025-04-03T15:31:58+00:00","twitter_card":"summary_large_image","twitter_misc":{"Gesch\u00e4tzte Lesezeit":"1\u00a0Minute"},"schema":{"@context":"https:\/\/schema.org","@graph":[{"@type":"WebPage","@id":"https:\/\/xn--korab-sanitr-qcb.de\/plumbing\/","url":"https:\/\/xn--korab-sanitr-qcb.de\/plumbing\/","name":"plumbing - Korab Sanit\u00e4r","isPartOf":{"@id":"https:\/\/xn--korab-sanitr-qcb.de\/de_DE\/#website"},"datePublished":"2025-04-03T15:13:55+00:00","dateModified":"2025-04-03T15:31:58+00:00","breadcrumb":{"@id":"https:\/\/xn--korab-sanitr-qcb.de\/plumbing\/#breadcrumb"},"inLanguage":"de","potentialAction":[{"@type":"ReadAction","target":["https:\/\/xn--korab-sanitr-qcb.de\/plumbing\/"]}]},{"@type":"BreadcrumbList","@id":"https:\/\/xn--korab-sanitr-qcb.de\/plumbing\/#breadcrumb","itemListElement":[{"@type":"ListItem","position":1,"name":"Home","item":"https:\/\/xn--korab-sanitr-qcb.de\/de\/"},{"@type":"ListItem","position":2,"name":"plumbing"}]},{"@type":"WebSite","@id":"https:\/\/xn--korab-sanitr-qcb.de\/de_DE\/#website","url":"https:\/\/xn--korab-sanitr-qcb.de\/de_DE\/","name":"Korab Sanit\u00e4r","description":" Korab Sanit\u00e4r","publisher":{"@id":"https:\/\/xn--korab-sanitr-qcb.de\/de_DE\/#organization"},"potentialAction":[{"@type":"SearchAction","target":{"@type":"EntryPoint","urlTemplate":"https:\/\/xn--korab-sanitr-qcb.de\/de_DE\/?s={search_term_string}"},"query-input":{"@type":"PropertyValueSpecification","valueRequired":true,"valueName":"search_term_string"}}],"inLanguage":"de"},{"@type":"Organization","@id":"https:\/\/xn--korab-sanitr-qcb.de\/de_DE\/#organization","name":"Korab Sanit\u00e4r","url":"https:\/\/xn--korab-sanitr-qcb.de\/de_DE\/","logo":{"@type":"ImageObject","inLanguage":"de","@id":"https:\/\/xn--korab-sanitr-qcb.de\/de_DE\/#\/schema\/logo\/image\/","url":"https:\/\/xn--korab-sanitr-qcb.de\/wp-content\/uploads\/2025\/01\/cropped-Screenshot-2025-01-10-111325-1.png","contentUrl":"https:\/\/xn--korab-sanitr-qcb.de\/wp-content\/uploads\/2025\/01\/cropped-Screenshot-2025-01-10-111325-1.png","width":512,"height":512,"caption":"  Korab Sanit\u00e4r"},"image":{"@id":"https:\/\/xn--korab-sanitr-qcb.de\/de_DE\/#\/schema\/logo\/image\/"}}]}},"_links":{"self":[{"href":"https:\/\/xn--korab-sanitr-qcb.de\/de\/wp-json\/wp\/v2\/pages\/2983","targetHints":{"allow":["GET"]}}],"collection":[{"href":"https:\/\/xn--korab-sanitr-qcb.de\/de\/wp-json\/wp\/v2\/pages"}],"about":[{"href":"https:\/\/xn--korab-sanitr-qcb.de\/de\/wp-json\/wp\/v2\/types\/page"}],"author":[{"embeddable":true,"href":"https:\/\/xn--korab-sanitr-qcb.de\/de\/wp-json\/wp\/v2\/users\/1"}],"replies":[{"embeddable":true,"href":"https:\/\/xn--korab-sanitr-qcb.de\/de\/wp-json\/wp\/v2\/comments?post=2983"}],"version-history":[{"count":17,"href":"https:\/\/xn--korab-sanitr-qcb.de\/de\/wp-json\/wp\/v2\/pages\/2983\/revisions"}],"predecessor-version":[{"id":3037,"href":"https:\/\/xn--korab-sanitr-qcb.de\/de\/wp-json\/wp\/v2\/pages\/2983\/revisions\/3037"}],"wp:attachment":[{"href":"https:\/\/xn--korab-sanitr-qcb.de\/de\/wp-json\/wp\/v2\/media?parent=2983"}],"curies":[{"name":"wp","href":"https:\/\/api.w.org\/{rel}","templated":true}]}}