{"id":2968,"date":"2025-04-03T15:03:56","date_gmt":"2025-04-03T15:03:56","guid":{"rendered":"https:\/\/xn--korab-sanitr-qcb.de\/?page_id=2968"},"modified":"2025-04-03T15:26:29","modified_gmt":"2025-04-03T15:26:29","slug":"heating","status":"publish","type":"page","link":"https:\/\/xn--korab-sanitr-qcb.de\/de\/heating\/","title":{"rendered":"heating"},"content":{"rendered":"\t\t<div data-elementor-type=\"wp-page\" data-elementor-id=\"2968\" class=\"elementor elementor-2968\">\n\t\t\t\t<div class=\"elementor-element elementor-element-57560a7 e-con-full e-flex e-con e-parent\" data-id=\"57560a7\" data-element_type=\"container\" data-e-type=\"container\">\n\t\t<div class=\"elementor-element elementor-element-e385574 e-con-full e-flex e-con e-child\" data-id=\"e385574\" data-element_type=\"container\" data-e-type=\"container\" data-settings=\"{&quot;background_background&quot;:&quot;gradient&quot;}\">\n\t\t<div class=\"elementor-element elementor-element-79599d1 e-con-full e-flex e-con e-child\" data-id=\"79599d1\" data-element_type=\"container\" data-e-type=\"container\" data-settings=\"{&quot;background_background&quot;:&quot;gradient&quot;}\">\n\t\t\t\t<div class=\"elementor-element elementor-element-c73372b elementor-widget elementor-widget-heading\" data-id=\"c73372b\" data-element_type=\"widget\" data-e-type=\"widget\" data-widget_type=\"heading.default\">\n\t\t\t\t<div class=\"elementor-widget-container\">\n\t\t\t\t\t<h1 class=\"elementor-heading-title elementor-size-default\">Heizung\n<\/h1>\t\t\t\t<\/div>\n\t\t\t\t<\/div>\n\t\t\t\t<div class=\"elementor-element elementor-element-39612f0 elementor-widget-divider--view-line elementor-widget elementor-widget-divider\" data-id=\"39612f0\" data-element_type=\"widget\" data-e-type=\"widget\" data-widget_type=\"divider.default\">\n\t\t\t\t<div class=\"elementor-widget-container\">\n\t\t\t\t\t\t\t<div class=\"elementor-divider\">\n\t\t\t<span class=\"elementor-divider-separator\">\n\t\t\t\t\t\t<\/span>\n\t\t<\/div>\n\t\t\t\t\t\t<\/div>\n\t\t\t\t<\/div>\n\t\t\t\t<div class=\"elementor-element elementor-element-0f8249e elementor-widget elementor-widget-text-editor\" data-id=\"0f8249e\" data-element_type=\"widget\" data-e-type=\"widget\" data-widget_type=\"text-editor.default\">\n\t\t\t\t<div class=\"elementor-widget-container\">\n\t\t\t\t\t\t\t\t\t<ul><li>Installation f\u00fcr moderner Heizsysteme<\/li><li>Beratung zu energieeffizienten L\u00f6sungen (z. B. W\u00e4rmepumpen, Brennwerttechnik)<\/li><li>Modernisierung und Optimierung bestehender Anlagen<\/li><li>Installation und Nachr\u00fcstung von Fu\u00dfbodenheizungen<\/li><li>Austausch alter Heizkessel gegen moderne und umweltfreundliche Systeme<\/li><li>Wartung und Reparatur f\u00fcr eine zuverl\u00e4ssige Funktion<\/li><li>Integration smarter Heizungssteuerungen<\/li><li>Einbau von Speicher- und Puffersystemen<\/li><li>Effizienzsteigerung durch Entl\u00fcftung und Sp\u00fclung.<\/li><\/ul><p>Wir sorgen f\u00fcr eine effiziente und zukunftssichere W\u00e4rme in Ihrem Zuhause.<\/p>\t\t\t\t\t\t\t\t<\/div>\n\t\t\t\t<\/div>\n\t\t\t\t<\/div>\n\t\t<div class=\"elementor-element elementor-element-f12a678 e-con-full e-flex e-con e-child\" data-id=\"f12a678\" data-element_type=\"container\" data-e-type=\"container\" data-settings=\"{&quot;background_background&quot;:&quot;classic&quot;}\">\n\t\t\t\t<\/div>\n\t\t\t\t<\/div>\n\t\t\t\t<\/div>\n\t\t\t\t<\/div>\n\t\t","protected":false},"excerpt":{"rendered":"<p>Heizung Installation f\u00fcr moderner Heizsysteme Beratung zu energieeffizienten L\u00f6sungen (z. B. W\u00e4rmepumpen, Brennwerttechnik) Modernisierung und Optimierung bestehender Anlagen Installation und Nachr\u00fcstung von Fu\u00dfbodenheizungen Austausch alter Heizkessel gegen moderne und umweltfreundliche Systeme Wartung und Reparatur f\u00fcr eine zuverl\u00e4ssige Funktion Integration smarter Heizungssteuerungen Einbau von Speicher- und Puffersystemen Effizienzsteigerung durch Entl\u00fcftung und Sp\u00fclung. Wir sorgen f\u00fcr eine [&hellip;]<\/p>\n","protected":false},"author":1,"featured_media":0,"parent":0,"menu_order":0,"comment_status":"closed","ping_status":"closed","template":"","meta":{"footnotes":""},"class_list":["post-2968","page","type-page","status-publish","hentry"],"yoast_head":"<!-- This site is optimized with the Yoast SEO plugin v27.4 - https:\/\/yoast.com\/product\/yoast-seo-wordpress\/ -->\n<title>heating - Korab Sanit\u00e4r<\/title>\n<meta name=\"robots\" content=\"index, follow, max-snippet:-1, max-image-preview:large, max-video-preview:-1\" \/>\n<link rel=\"canonical\" href=\"https:\/\/xn--korab-sanitr-qcb.de\/de\/heating\/\" \/>\n<meta property=\"og:locale\" content=\"de_DE\" \/>\n<meta property=\"og:type\" content=\"article\" \/>\n<meta property=\"og:title\" content=\"heating - Korab Sanit\u00e4r\" \/>\n<meta property=\"og:description\" content=\"Heizung Installation f\u00fcr moderner Heizsysteme Beratung zu energieeffizienten L\u00f6sungen (z. B. W\u00e4rmepumpen, Brennwerttechnik) Modernisierung und Optimierung bestehender Anlagen Installation und Nachr\u00fcstung von Fu\u00dfbodenheizungen Austausch alter Heizkessel gegen moderne und umweltfreundliche Systeme Wartung und Reparatur f\u00fcr eine zuverl\u00e4ssige Funktion Integration smarter Heizungssteuerungen Einbau von Speicher- und Puffersystemen Effizienzsteigerung durch Entl\u00fcftung und Sp\u00fclung. Wir sorgen f\u00fcr eine [&hellip;]\" \/>\n<meta property=\"og:url\" content=\"https:\/\/xn--korab-sanitr-qcb.de\/de\/heating\/\" \/>\n<meta property=\"og:site_name\" content=\"Korab Sanit\u00e4r\" \/>\n<meta property=\"article:modified_time\" content=\"2025-04-03T15:26:29+00:00\" \/>\n<meta name=\"twitter:card\" content=\"summary_large_image\" \/>\n<meta name=\"twitter:label1\" content=\"Gesch\u00e4tzte Lesezeit\" \/>\n\t<meta name=\"twitter:data1\" content=\"1\u00a0Minute\" \/>\n<script type=\"application\/ld+json\" class=\"yoast-schema-graph\">{\"@context\":\"https:\\\/\\\/schema.org\",\"@graph\":[{\"@type\":\"WebPage\",\"@id\":\"https:\\\/\\\/xn--korab-sanitr-qcb.de\\\/heating\\\/\",\"url\":\"https:\\\/\\\/xn--korab-sanitr-qcb.de\\\/heating\\\/\",\"name\":\"heating - Korab Sanit\u00e4r\",\"isPartOf\":{\"@id\":\"https:\\\/\\\/xn--korab-sanitr-qcb.de\\\/de_DE\\\/#website\"},\"datePublished\":\"2025-04-03T15:03:56+00:00\",\"dateModified\":\"2025-04-03T15:26:29+00:00\",\"breadcrumb\":{\"@id\":\"https:\\\/\\\/xn--korab-sanitr-qcb.de\\\/heating\\\/#breadcrumb\"},\"inLanguage\":\"de\",\"potentialAction\":[{\"@type\":\"ReadAction\",\"target\":[\"https:\\\/\\\/xn--korab-sanitr-qcb.de\\\/heating\\\/\"]}]},{\"@type\":\"BreadcrumbList\",\"@id\":\"https:\\\/\\\/xn--korab-sanitr-qcb.de\\\/heating\\\/#breadcrumb\",\"itemListElement\":[{\"@type\":\"ListItem\",\"position\":1,\"name\":\"Home\",\"item\":\"https:\\\/\\\/xn--korab-sanitr-qcb.de\\\/de\\\/\"},{\"@type\":\"ListItem\",\"position\":2,\"name\":\"heating\"}]},{\"@type\":\"WebSite\",\"@id\":\"https:\\\/\\\/xn--korab-sanitr-qcb.de\\\/de_DE\\\/#website\",\"url\":\"https:\\\/\\\/xn--korab-sanitr-qcb.de\\\/de_DE\\\/\",\"name\":\"Korab Sanit\u00e4r\",\"description\":\" Korab Sanit\u00e4r\",\"publisher\":{\"@id\":\"https:\\\/\\\/xn--korab-sanitr-qcb.de\\\/de_DE\\\/#organization\"},\"potentialAction\":[{\"@type\":\"SearchAction\",\"target\":{\"@type\":\"EntryPoint\",\"urlTemplate\":\"https:\\\/\\\/xn--korab-sanitr-qcb.de\\\/de_DE\\\/?s={search_term_string}\"},\"query-input\":{\"@type\":\"PropertyValueSpecification\",\"valueRequired\":true,\"valueName\":\"search_term_string\"}}],\"inLanguage\":\"de\"},{\"@type\":\"Organization\",\"@id\":\"https:\\\/\\\/xn--korab-sanitr-qcb.de\\\/de_DE\\\/#organization\",\"name\":\"Korab Sanit\u00e4r\",\"url\":\"https:\\\/\\\/xn--korab-sanitr-qcb.de\\\/de_DE\\\/\",\"logo\":{\"@type\":\"ImageObject\",\"inLanguage\":\"de\",\"@id\":\"https:\\\/\\\/xn--korab-sanitr-qcb.de\\\/de_DE\\\/#\\\/schema\\\/logo\\\/image\\\/\",\"url\":\"https:\\\/\\\/xn--korab-sanitr-qcb.de\\\/wp-content\\\/uploads\\\/2025\\\/01\\\/cropped-Screenshot-2025-01-10-111325-1.png\",\"contentUrl\":\"https:\\\/\\\/xn--korab-sanitr-qcb.de\\\/wp-content\\\/uploads\\\/2025\\\/01\\\/cropped-Screenshot-2025-01-10-111325-1.png\",\"width\":512,\"height\":512,\"caption\":\"  Korab Sanit\u00e4r\"},\"image\":{\"@id\":\"https:\\\/\\\/xn--korab-sanitr-qcb.de\\\/de_DE\\\/#\\\/schema\\\/logo\\\/image\\\/\"}}]}<\/script>\n<!-- \/ Yoast SEO plugin. -->","yoast_head_json":{"title":"heating - Korab Sanit\u00e4r","robots":{"index":"index","follow":"follow","max-snippet":"max-snippet:-1","max-image-preview":"max-image-preview:large","max-video-preview":"max-video-preview:-1"},"canonical":"https:\/\/xn--korab-sanitr-qcb.de\/de\/heating\/","og_locale":"de_DE","og_type":"article","og_title":"heating - Korab Sanit\u00e4r","og_description":"Heizung Installation f\u00fcr moderner Heizsysteme Beratung zu energieeffizienten L\u00f6sungen (z. B. W\u00e4rmepumpen, Brennwerttechnik) Modernisierung und Optimierung bestehender Anlagen Installation und Nachr\u00fcstung von Fu\u00dfbodenheizungen Austausch alter Heizkessel gegen moderne und umweltfreundliche Systeme Wartung und Reparatur f\u00fcr eine zuverl\u00e4ssige Funktion Integration smarter Heizungssteuerungen Einbau von Speicher- und Puffersystemen Effizienzsteigerung durch Entl\u00fcftung und Sp\u00fclung. Wir sorgen f\u00fcr eine [&hellip;]","og_url":"https:\/\/xn--korab-sanitr-qcb.de\/de\/heating\/","og_site_name":"Korab Sanit\u00e4r","article_modified_time":"2025-04-03T15:26:29+00:00","twitter_card":"summary_large_image","twitter_misc":{"Gesch\u00e4tzte Lesezeit":"1\u00a0Minute"},"schema":{"@context":"https:\/\/schema.org","@graph":[{"@type":"WebPage","@id":"https:\/\/xn--korab-sanitr-qcb.de\/heating\/","url":"https:\/\/xn--korab-sanitr-qcb.de\/heating\/","name":"heating - Korab Sanit\u00e4r","isPartOf":{"@id":"https:\/\/xn--korab-sanitr-qcb.de\/de_DE\/#website"},"datePublished":"2025-04-03T15:03:56+00:00","dateModified":"2025-04-03T15:26:29+00:00","breadcrumb":{"@id":"https:\/\/xn--korab-sanitr-qcb.de\/heating\/#breadcrumb"},"inLanguage":"de","potentialAction":[{"@type":"ReadAction","target":["https:\/\/xn--korab-sanitr-qcb.de\/heating\/"]}]},{"@type":"BreadcrumbList","@id":"https:\/\/xn--korab-sanitr-qcb.de\/heating\/#breadcrumb","itemListElement":[{"@type":"ListItem","position":1,"name":"Home","item":"https:\/\/xn--korab-sanitr-qcb.de\/de\/"},{"@type":"ListItem","position":2,"name":"heating"}]},{"@type":"WebSite","@id":"https:\/\/xn--korab-sanitr-qcb.de\/de_DE\/#website","url":"https:\/\/xn--korab-sanitr-qcb.de\/de_DE\/","name":"Korab Sanit\u00e4r","description":" Korab Sanit\u00e4r","publisher":{"@id":"https:\/\/xn--korab-sanitr-qcb.de\/de_DE\/#organization"},"potentialAction":[{"@type":"SearchAction","target":{"@type":"EntryPoint","urlTemplate":"https:\/\/xn--korab-sanitr-qcb.de\/de_DE\/?s={search_term_string}"},"query-input":{"@type":"PropertyValueSpecification","valueRequired":true,"valueName":"search_term_string"}}],"inLanguage":"de"},{"@type":"Organization","@id":"https:\/\/xn--korab-sanitr-qcb.de\/de_DE\/#organization","name":"Korab Sanit\u00e4r","url":"https:\/\/xn--korab-sanitr-qcb.de\/de_DE\/","logo":{"@type":"ImageObject","inLanguage":"de","@id":"https:\/\/xn--korab-sanitr-qcb.de\/de_DE\/#\/schema\/logo\/image\/","url":"https:\/\/xn--korab-sanitr-qcb.de\/wp-content\/uploads\/2025\/01\/cropped-Screenshot-2025-01-10-111325-1.png","contentUrl":"https:\/\/xn--korab-sanitr-qcb.de\/wp-content\/uploads\/2025\/01\/cropped-Screenshot-2025-01-10-111325-1.png","width":512,"height":512,"caption":"  Korab Sanit\u00e4r"},"image":{"@id":"https:\/\/xn--korab-sanitr-qcb.de\/de_DE\/#\/schema\/logo\/image\/"}}]}},"_links":{"self":[{"href":"https:\/\/xn--korab-sanitr-qcb.de\/de\/wp-json\/wp\/v2\/pages\/2968","targetHints":{"allow":["GET"]}}],"collection":[{"href":"https:\/\/xn--korab-sanitr-qcb.de\/de\/wp-json\/wp\/v2\/pages"}],"about":[{"href":"https:\/\/xn--korab-sanitr-qcb.de\/de\/wp-json\/wp\/v2\/types\/page"}],"author":[{"embeddable":true,"href":"https:\/\/xn--korab-sanitr-qcb.de\/de\/wp-json\/wp\/v2\/users\/1"}],"replies":[{"embeddable":true,"href":"https:\/\/xn--korab-sanitr-qcb.de\/de\/wp-json\/wp\/v2\/comments?post=2968"}],"version-history":[{"count":19,"href":"https:\/\/xn--korab-sanitr-qcb.de\/de\/wp-json\/wp\/v2\/pages\/2968\/revisions"}],"predecessor-version":[{"id":3012,"href":"https:\/\/xn--korab-sanitr-qcb.de\/de\/wp-json\/wp\/v2\/pages\/2968\/revisions\/3012"}],"wp:attachment":[{"href":"https:\/\/xn--korab-sanitr-qcb.de\/de\/wp-json\/wp\/v2\/media?parent=2968"}],"curies":[{"name":"wp","href":"https:\/\/api.w.org\/{rel}","templated":true}]}}